{"id":147,"date":"2025-10-29T07:59:26","date_gmt":"2025-10-29T07:59:26","guid":{"rendered":"https:\/\/ventadelquijote.softme.es\/?page_id=147"},"modified":"2025-11-19T09:25:26","modified_gmt":"2025-11-19T09:25:26","slug":"la-venta","status":"publish","type":"page","link":"https:\/\/ventadelquijote.softme.es\/en\/la-venta\/","title":{"rendered":"La Venta"},"content":{"rendered":"<p>[et_pb_section fb_built=\u00bb1&#8243; module_class=\u00bbmask3_2&#8243; _builder_version=\u00bb4.27.4&#8243; _module_preset=\u00bbdefault\u00bb background_image=\u00bbhttp:\/\/ventadelquijote.softme.es\/wp-content\/uploads\/2025\/11\/DSC_0446-1920&#215;1275-1.jpg\u00bb background_position=\u00bbbottom_left\u00bb background_vertical_offset=\u00bb16%\u00bb height=\u00bb500px\u00bb height_tablet=\u00bb300px\u00bb height_phone=\u00bb200px\u00bb height_last_edited=\u00bbon|phone\u00bb custom_margin=\u00bb80px||||false|false\u00bb global_colors_info=\u00bb{}\u00bb][\/et_pb_section][et_pb_section fb_built=\u00bb1&#8243; custom_padding_last_edited=\u00bbon|desktop\u00bb _builder_version=\u00bb4.27.4&#8243; _module_preset=\u00bbdefault\u00bb background_color=\u00bbRGBA(255,255,255,0)\u00bb custom_margin=\u00bb0px|0px|0px|0px|true|true\u00bb custom_padding=\u00bb50px|10vw|50px|10vw|true|true\u00bb custom_padding_tablet=\u00bb50px||50px||true|true\u00bb custom_padding_phone=\u00bb0px|5vw|0px|5vw|true|true\u00bb global_colors_info=\u00bb{}\u00bb][et_pb_row custom_padding_last_edited=\u00bbon|phone\u00bb _builder_version=\u00bb4.27.4&#8243; _module_preset=\u00bbdefault\u00bb width_tablet=\u00bb\u00bb width_phone=\u00bb100%\u00bb width_last_edited=\u00bbon|phone\u00bb max_width_tablet=\u00bb\u00bb max_width_phone=\u00bb100%\u00bb max_width_last_edited=\u00bbon|phone\u00bb custom_padding=\u00bb|50px||50px|false|true\u00bb custom_padding_tablet=\u00bb|0px||0px|false|true\u00bb custom_padding_phone=\u00bb|0px||0px|false|true\u00bb global_colors_info=\u00bb{}\u00bb][et_pb_column type=\u00bb4_4&#8243; _builder_version=\u00bb4.27.4&#8243; _module_preset=\u00bbdefault\u00bb global_colors_info=\u00bb{}\u00bb][et_pb_text module_class=\u00bbfw400 reveal reveal-up\u00bb _builder_version=\u00bb4.27.4&#8243; _module_preset=\u00bbdefault\u00bb text_font=\u00bbRoboto Serif||||||||\u00bb text_text_color=\u00bb#000000&#8243; text_font_size=\u00bb3.5em\u00bb text_line_height=\u00bb1.5em\u00bb text_orientation=\u00bbcenter\u00bb text_font_size_tablet=\u00bb3em\u00bb text_font_size_phone=\u00bb2em\u00bb text_font_size_last_edited=\u00bbon|phone\u00bb global_colors_info=\u00bb{}\u00bb]<\/p>\n<p>La venta<\/p>\n<p>[\/et_pb_text][et_pb_text module_class=\u00bb reveal reveal-up\u00bb _builder_version=\u00bb4.27.4&#8243; _module_preset=\u00bbdefault\u00bb text_font=\u00bbRoboto Serif|300|||||||\u00bb text_text_color=\u00bb#000000&#8243; text_font_size=\u00bb1.5em\u00bb text_line_height=\u00bb2em\u00bb text_orientation=\u00bbcenter\u00bb text_font_size_tablet=\u00bb\u00bb text_font_size_phone=\u00bb1.2em\u00bb text_font_size_last_edited=\u00bbon|phone\u00bb global_colors_info=\u00bb{}\u00bb]<\/p>\n<p>La Venta del Quijote es un lugar donde el tiempo avanza despacio y la memoria de Castilla camina libre entre vigas de madera, arcilla y silencio. Aqu\u00ed, en el coraz\u00f3n de Puerto L\u00e1pice, las historias no se cuentan: se respiran. Viajeros, curiosos y caminantes encuentran refugio en su patio blanco, en los ecos de los pasos sobre el barro y en el crujido noble de sus paredes, que guardan siglos de encuentros y despedidas.<\/p>\n<p>[\/et_pb_text][\/et_pb_column][\/et_pb_row][\/et_pb_section][et_pb_section fb_built=\u00bb1&#8243; custom_padding_last_edited=\u00bbon|phone\u00bb module_class=\u00bb reveal reveal-up\u00bb _builder_version=\u00bb4.27.4&#8243; _module_preset=\u00bbdefault\u00bb background_color=\u00bbRGBA(255,255,255,0)\u00bb custom_margin=\u00bb0px|0px|0px|0px|false|false\u00bb custom_padding=\u00bb50px|10vw|50px|10vw|true|true\u00bb custom_padding_tablet=\u00bb50px|10vw|50px|10vw|true|true\u00bb custom_padding_phone=\u00bb|5vw||5vw|true|true\u00bb global_colors_info=\u00bb{}\u00bb][et_pb_row column_structure=\u00bb1_3,1_3,1_3&#8243; use_custom_gutter=\u00bbon\u00bb make_equal=\u00bbon\u00bb _builder_version=\u00bb4.27.4&#8243; _module_preset=\u00bbdefault\u00bb width=\u00bb100%\u00bb max_width=\u00bb100%\u00bb custom_margin=\u00bb0px|0px|0px|0px|false|false\u00bb custom_padding=\u00bb0px|0px|0px|0px|false|false\u00bb global_colors_info=\u00bb{}\u00bb][et_pb_column type=\u00bb1_3&#8243; _builder_version=\u00bb4.27.4&#8243; _module_preset=\u00bbdefault\u00bb global_colors_info=\u00bb{}\u00bb][et_pb_image src=\u00bbhttp:\/\/ventadelquijote.softme.es\/wp-content\/uploads\/2025\/11\/IMG_4114-1920&#215;1280-1.jpg\u00bb title_text=\u00bbIMG_4114-1920&#215;1280&#8243; show_in_lightbox=\u00bbon\u00bb align=\u00bbcenter\u00bb force_fullwidth=\u00bbon\u00bb module_class=\u00bbmask4_2 \u00bb _builder_version=\u00bb4.27.4&#8243; _module_preset=\u00bbdefault\u00bb height=\u00bb500px\u00bb height_tablet=\u00bb300px\u00bb height_phone=\u00bb300px\u00bb height_last_edited=\u00bbon|phone\u00bb custom_css_free_form=\u00bbselector img {||  object-fit:cover;||  object-position:center left;||}\u00bb global_colors_info=\u00bb{}\u00bb][\/et_pb_image][et_pb_text module_class=\u00bbfw400&#8243; _builder_version=\u00bb4.27.4&#8243; _module_preset=\u00bbdefault\u00bb text_font=\u00bbRoboto Serif||||||||\u00bb text_text_color=\u00bb#000000&#8243; text_font_size=\u00bb2em\u00bb text_line_height=\u00bb1.5em\u00bb text_orientation=\u00bbcenter\u00bb custom_margin=\u00bb||20px||false|false\u00bb text_font_size_tablet=\u00bb1.5em\u00bb text_font_size_phone=\u00bb1.5em\u00bb text_font_size_last_edited=\u00bbon|phone\u00bb global_colors_info=\u00bb{}\u00bb]<\/p>\n<p>El Patio Manchego<\/p>\n<p>[\/et_pb_text][et_pb_text _builder_version=\u00bb4.27.4&#8243; _module_preset=\u00bbdefault\u00bb text_font=\u00bbRoboto Serif|300|||||||\u00bb text_text_color=\u00bb#000000&#8243; text_font_size=\u00bb1.4em\u00bb text_line_height=\u00bb2.5em\u00bb text_orientation=\u00bbcenter\u00bb text_font_size_tablet=\u00bb1.2em\u00bb text_font_size_phone=\u00bb1.2em\u00bb text_font_size_last_edited=\u00bbon|phone\u00bb text_line_height_phone=\u00bb2.5em\u00bb text_line_height_last_edited=\u00bboff|desktop\u00bb global_colors_info=\u00bb{}\u00bb]<\/p>\n<p>Centro y alma del edificio, su patio encalado y porticado recuerda las antiguas ventas donde mulas, viajeros y arrieros compart\u00edan sombra y conversaci\u00f3n. La luz cae vertical sobre el empedrado y convierte cada rinc\u00f3n en una estampa viva de la Mancha eterna.<\/p>\n<p>[\/et_pb_text][\/et_pb_column][et_pb_column type=\u00bb1_3&#8243; _builder_version=\u00bb4.27.4&#8243; _module_preset=\u00bbdefault\u00bb global_colors_info=\u00bb{}\u00bb][et_pb_image src=\u00bbhttp:\/\/ventadelquijote.softme.es\/wp-content\/uploads\/2025\/11\/IMG_4015-1920&#215;1280-1.jpg\u00bb title_text=\u00bbIMG_4015-1920&#215;1280&#8243; show_in_lightbox=\u00bbon\u00bb align=\u00bbcenter\u00bb force_fullwidth=\u00bbon\u00bb module_class=\u00bbmask4&#8243; _builder_version=\u00bb4.27.4&#8243; _module_preset=\u00bbdefault\u00bb height=\u00bb500px\u00bb height_tablet=\u00bb300px\u00bb height_phone=\u00bb300px\u00bb height_last_edited=\u00bbon|tablet\u00bb global_colors_info=\u00bb{}\u00bb][\/et_pb_image][et_pb_text module_class=\u00bbfw400&#8243; _builder_version=\u00bb4.27.4&#8243; _module_preset=\u00bbdefault\u00bb text_font=\u00bbRoboto Serif||||||||\u00bb text_text_color=\u00bb#000000&#8243; text_font_size=\u00bb2em\u00bb text_line_height=\u00bb1.5em\u00bb text_orientation=\u00bbcenter\u00bb custom_margin=\u00bb||20px||false|false\u00bb text_font_size_tablet=\u00bb1.5em\u00bb text_font_size_phone=\u00bb1.5em\u00bb text_font_size_last_edited=\u00bbon|phone\u00bb locked=\u00bboff\u00bb global_colors_info=\u00bb{}\u00bb]<\/p>\n<p>Sal\u00f3n Principal<\/p>\n<p>[\/et_pb_text][et_pb_text _builder_version=\u00bb4.27.4&#8243; _module_preset=\u00bbdefault\u00bb text_font=\u00bbRoboto Serif|300|||||||\u00bb text_text_color=\u00bb#000000&#8243; text_font_size=\u00bb1.4em\u00bb text_line_height=\u00bb2.5em\u00bb text_orientation=\u00bbcenter\u00bb text_font_size_tablet=\u00bb1.2em\u00bb text_font_size_phone=\u00bb1.2em\u00bb text_font_size_last_edited=\u00bbon|tablet\u00bb locked=\u00bboff\u00bb global_colors_info=\u00bb{}\u00bb]<\/p>\n<p>Mesas de madera, paredes blancas y detalles r\u00fasticos dan forma a un espacio c\u00e1lido y honesto. Aqu\u00ed se mezclan aromas de tradici\u00f3n, conversaci\u00f3n tranquila y ese rumor que solo nace en los lugares vividos.<\/p>\n<p>[\/et_pb_text][\/et_pb_column][et_pb_column type=\u00bb1_3&#8243; _builder_version=\u00bb4.27.4&#8243; _module_preset=\u00bbdefault\u00bb global_colors_info=\u00bb{}\u00bb][et_pb_image src=\u00bbhttp:\/\/ventadelquijote.softme.es\/wp-content\/uploads\/2025\/11\/IMG_3992-1920&#215;1279-1.jpg\u00bb title_text=\u00bbIMG_3992-1920&#215;1279&#8243; show_in_lightbox=\u00bbon\u00bb align=\u00bbcenter\u00bb force_fullwidth=\u00bbon\u00bb module_class=\u00bbmask4_3&#8243; _builder_version=\u00bb4.27.4&#8243; _module_preset=\u00bbdefault\u00bb height=\u00bb500px\u00bb height_tablet=\u00bb300px\u00bb height_phone=\u00bb300px\u00bb height_last_edited=\u00bbon|tablet\u00bb global_colors_info=\u00bb{}\u00bb][\/et_pb_image][et_pb_text module_class=\u00bbfw400&#8243; _builder_version=\u00bb4.27.4&#8243; _module_preset=\u00bbdefault\u00bb text_font=\u00bbRoboto Serif||||||||\u00bb text_text_color=\u00bb#000000&#8243; text_font_size=\u00bb2em\u00bb text_line_height=\u00bb1.5em\u00bb text_orientation=\u00bbcenter\u00bb custom_margin=\u00bb||20px||false|false\u00bb text_font_size_tablet=\u00bb1.5em\u00bb text_font_size_phone=\u00bb1.5em\u00bb text_font_size_last_edited=\u00bbon|phone\u00bb locked=\u00bboff\u00bb global_colors_info=\u00bb{}\u00bb]<\/p>\n<p>Estancias Hist\u00f3ricas<\/p>\n<p>[\/et_pb_text][et_pb_text _builder_version=\u00bb4.27.4&#8243; _module_preset=\u00bbdefault\u00bb text_font=\u00bbRoboto Serif|300|||||||\u00bb text_text_color=\u00bb#000000&#8243; text_font_size=\u00bb1.4em\u00bb text_line_height=\u00bb2.5em\u00bb text_orientation=\u00bbcenter\u00bb text_font_size_tablet=\u00bb1.2em\u00bb text_font_size_phone=\u00bb1.2em\u00bb text_font_size_last_edited=\u00bbon|tablet\u00bb locked=\u00bboff\u00bb global_colors_info=\u00bb{}\u00bb]<\/p>\n<p>Bancos de obra, cerrajer\u00eda antigua y utensilios de otra \u00e9poca recuerdan que la hospitalidad manchega no se inventa: se hereda. Cada pieza expuesta es un fragmento de historia, un reflejo de lo que fue y sigue siendo una verdadera venta caminera.<\/p>\n<p>[\/et_pb_text][\/et_pb_column][\/et_pb_row][\/et_pb_section][et_pb_section fb_built=\u00bb1&#8243; module_class=\u00bb reveal reveal-up\u00bb _builder_version=\u00bb4.27.4&#8243; _module_preset=\u00bbdefault\u00bb background_color=\u00bbRGBA(255,255,255,0)\u00bb background_image=\u00bbhttp:\/\/ventadelquijote.softme.es\/wp-content\/uploads\/2025\/10\/Posada2.svg\u00bb height=\u00bb1000px\u00bb height_tablet=\u00bb500px\u00bb height_phone=\u00bb320px\u00bb height_last_edited=\u00bbon|phone\u00bb global_colors_info=\u00bb{}\u00bb][\/et_pb_section][et_pb_section fb_built=\u00bb1&#8243; custom_padding_last_edited=\u00bbon|phone\u00bb _builder_version=\u00bb4.27.4&#8243; _module_preset=\u00bbdefault\u00bb background_color=\u00bbRGBA(255,255,255,0)\u00bb custom_margin=\u00bb0px|0px|0px|0px|true|true\u00bb custom_padding=\u00bb150px|10vw|150px|10vw|true|true\u00bb custom_padding_tablet=\u00bb50px||50px||false|true\u00bb custom_padding_phone=\u00bb100px|5vw|50px|5vw|false|true\u00bb locked=\u00bboff\u00bb global_colors_info=\u00bb{}\u00bb][et_pb_row column_structure=\u00bb1_2,1_2&#8243; use_custom_gutter=\u00bbon\u00bb gutter_width=\u00bb4&#8243; make_equal=\u00bbon\u00bb _builder_version=\u00bb4.27.4&#8243; _module_preset=\u00bbdefault\u00bb width=\u00bb100%\u00bb max_width=\u00bb100%\u00bb custom_margin=\u00bb0px|0px|0px|0px|false|false\u00bb custom_padding=\u00bb0px|0px|0px|0px|false|false\u00bb global_colors_info=\u00bb{}\u00bb][et_pb_column type=\u00bb1_2&#8243; _builder_version=\u00bb4.27.4&#8243; _module_preset=\u00bbdefault\u00bb global_colors_info=\u00bb{}\u00bb][et_pb_image src=\u00bbhttp:\/\/ventadelquijote.softme.es\/wp-content\/uploads\/2025\/11\/IMG_4156-1920&#215;1280-1.jpg\u00bb title_text=\u00bbIMG_4156-1920&#215;1280&#8243; force_fullwidth=\u00bbon\u00bb disabled_on=\u00bboff|off|off\u00bb module_class=\u00bbmask5_2 reveal reveal-left object-position-center\u00bb _builder_version=\u00bb4.27.4&#8243; _module_preset=\u00bbdefault\u00bb background_color=\u00bbRGBA(255,255,255,0)\u00bb height=\u00bb650px\u00bb height_tablet=\u00bb500px\u00bb height_phone=\u00bb320px\u00bb height_last_edited=\u00bbon|phone\u00bb hover_enabled=\u00bb0&#8243; custom_css_free_form=\u00bbselector img {||  object-fit:cover;||  object-position:center left;||}\u00bb global_colors_info=\u00bb{}\u00bb show_in_lightbox=\u00bbon\u00bb sticky_enabled=\u00bb0&#8243;][\/et_pb_image][\/et_pb_column][et_pb_column type=\u00bb1_2&#8243; module_class=\u00bbcolumnTextVerticalCenter\u00bb _builder_version=\u00bb4.27.4&#8243; _module_preset=\u00bbdefault\u00bb global_colors_info=\u00bb{}\u00bb][et_pb_text module_class=\u00bbfw400 reveal reveal-right\u00bb _builder_version=\u00bb4.27.4&#8243; _module_preset=\u00bbdefault\u00bb text_font=\u00bbRoboto Serif||||||||\u00bb text_text_color=\u00bb#000000&#8243; text_font_size=\u00bb3.5em\u00bb text_line_height=\u00bb1.5em\u00bb custom_margin=\u00bb||30px||false|false\u00bb custom_margin_tablet=\u00bb||15px||false|false\u00bb custom_margin_phone=\u00bb||15px||false|false\u00bb custom_margin_last_edited=\u00bbon|tablet\u00bb text_font_size_tablet=\u00bb2em\u00bb text_font_size_phone=\u00bb2em\u00bb text_font_size_last_edited=\u00bbon|desktop\u00bb text_orientation_tablet=\u00bbcenter\u00bb text_orientation_phone=\u00bbleft\u00bb text_orientation_last_edited=\u00bbon|phone\u00bb global_colors_info=\u00bb{}\u00bb]<\/p>\n<p>Un descanso del camino<\/p>\n<p>[\/et_pb_text][et_pb_text module_class=\u00bb reveal reveal-right\u00bb _builder_version=\u00bb4.27.4&#8243; _module_preset=\u00bbdefault\u00bb text_font=\u00bbRoboto Serif|100|||||||\u00bb text_text_color=\u00bb#000000&#8243; text_font_size=\u00bb1.4em\u00bb text_line_height=\u00bb1.8em\u00bb custom_margin=\u00bb||30px||false|false\u00bb custom_padding=\u00bb||||false|false\u00bb text_font_size_tablet=\u00bb1.3em\u00bb text_font_size_phone=\u00bb1.2em\u00bb text_font_size_last_edited=\u00bbon|desktop\u00bb text_line_height_tablet=\u00bb1.8em\u00bb text_line_height_phone=\u00bb2.3em\u00bb text_line_height_last_edited=\u00bbon|phone\u00bb text_orientation_tablet=\u00bbcenter\u00bb text_orientation_phone=\u00bbleft\u00bb text_orientation_last_edited=\u00bbon|phone\u00bb global_colors_info=\u00bb{}\u00bb]<\/p>\n<p>Entre colinas doradas y rutas que fueron sendas de pastores, la venta naci\u00f3 como cobijo para quienes cruzaban La Mancha en busca de fortuna, descanso o destino. Hoy mantiene la misma esencia: un hogar para el viajero, donde el calor de la cocina y el sosiego del patio acompa\u00f1an cada visita.<\/p>\n<p>[\/et_pb_text][\/et_pb_column][\/et_pb_row][et_pb_row custom_padding_last_edited=\u00bbon|phone\u00bb _builder_version=\u00bb4.27.4&#8243; _module_preset=\u00bbdefault\u00bb width_tablet=\u00bb\u00bb width_phone=\u00bb100%\u00bb width_last_edited=\u00bbon|phone\u00bb max_width_tablet=\u00bb\u00bb max_width_phone=\u00bb100%\u00bb max_width_last_edited=\u00bbon|phone\u00bb custom_margin=\u00bb150px||150px||true|true\u00bb custom_margin_tablet=\u00bb150px|0px|150px|0px|true|true\u00bb custom_margin_phone=\u00bb80px|0px|90px|0px|false|true\u00bb custom_margin_last_edited=\u00bbon|phone\u00bb custom_padding=\u00bb|7vw||7vw|false|true\u00bb custom_padding_tablet=\u00bb|7vw||7vw|false|true\u00bb custom_padding_phone=\u00bb|0vw||0vw|false|true\u00bb border_width_left_last_edited=\u00bboff|phone\u00bb global_colors_info=\u00bb{}\u00bb][et_pb_column type=\u00bb4_4&#8243; _builder_version=\u00bb4.27.4&#8243; _module_preset=\u00bbdefault\u00bb global_colors_info=\u00bb{}\u00bb][et_pb_text module_class=\u00bb reveal reveal-up\u00bb _builder_version=\u00bb4.27.4&#8243; _module_preset=\u00bbdefault\u00bb text_font=\u00bbTangerine||||||||\u00bb text_text_color=\u00bb#000000&#8243; text_font_size=\u00bb4em\u00bb text_line_height=\u00bb1.2em\u00bb text_orientation=\u00bbcenter\u00bb custom_margin=\u00bb||||false|false\u00bb custom_margin_phone=\u00bb||||false|false\u00bb custom_margin_last_edited=\u00bboff|phone\u00bb custom_padding_phone=\u00bb|0px||0px|false|true\u00bb custom_padding_last_edited=\u00bboff|tablet\u00bb text_font_size_tablet=\u00bb3em\u00bb text_font_size_phone=\u00bb2.5em\u00bb text_font_size_last_edited=\u00bbon|phone\u00bb text_orientation_phone=\u00bbcenter\u00bb text_orientation_last_edited=\u00bboff|desktop\u00bb border_color_left=\u00bb#d9d9d9&#8243; border_width_left_phone=\u00bb3px\u00bb border_width_left_last_edited=\u00bboff|phone\u00bb global_colors_info=\u00bb{}\u00bb]<\/p>\n<p>En pleno coraz\u00f3n de La Mancha, esta antigua venta conserva el esp\u00edritu de los viajeros de anta\u00f1o<\/p>\n<p>[\/et_pb_text][\/et_pb_column][\/et_pb_row][et_pb_row column_structure=\u00bb1_2,1_2&#8243; use_custom_gutter=\u00bbon\u00bb gutter_width=\u00bb4&#8243; make_equal=\u00bbon\u00bb disabled_on=\u00bbon|on|on\u00bb _builder_version=\u00bb4.27.4&#8243; _module_preset=\u00bbdefault\u00bb width=\u00bb100%\u00bb max_width=\u00bb100%\u00bb custom_margin=\u00bb0px|0px|0px|0px|false|false\u00bb custom_padding=\u00bb0px|0px|0px|0px|false|false\u00bb custom_css_free_form=\u00bb@media (max-width: 980px) {||  selector {||    flex-direction:column-reverse !important;||  }||}\u00bb disabled=\u00bbon\u00bb locked=\u00bboff\u00bb global_colors_info=\u00bb{}\u00bb][et_pb_column type=\u00bb1_2&#8243; module_class=\u00bbcolumnTextVerticalCenter\u00bb _builder_version=\u00bb4.27.4&#8243; _module_preset=\u00bbdefault\u00bb global_colors_info=\u00bb{}\u00bb][et_pb_image src=\u00bbhttp:\/\/ventadelquijote.softme.es\/wp-content\/uploads\/2025\/10\/IMG_8825-2.jpg\u00bb title_text=\u00bbIMG_8825 2&#8243; disabled_on=\u00bboff|off|on\u00bb module_class=\u00bbmask5 reveal reveal-up\u00bb _builder_version=\u00bb4.27.4&#8243; _module_preset=\u00bbdefault\u00bb background_color=\u00bbRGBA(255,255,255,0)\u00bb height=\u00bb700px\u00bb height_tablet=\u00bb500px\u00bb height_phone=\u00bb320px\u00bb height_last_edited=\u00bbon|phone\u00bb locked=\u00bboff\u00bb global_colors_info=\u00bb{}\u00bb][\/et_pb_image][et_pb_text module_class=\u00bbfw400 reveal reveal-left\u00bb _builder_version=\u00bb4.27.4&#8243; _module_preset=\u00bbdefault\u00bb text_font=\u00bbRoboto Serif||||||||\u00bb text_text_color=\u00bb#000000&#8243; text_font_size=\u00bb3.5em\u00bb text_line_height=\u00bb1.5em\u00bb custom_margin=\u00bb||30px||false|false\u00bb custom_margin_tablet=\u00bb||15px||false|false\u00bb custom_margin_phone=\u00bb||15px||false|false\u00bb custom_margin_last_edited=\u00bbon|tablet\u00bb text_font_size_tablet=\u00bb2em\u00bb text_font_size_phone=\u00bb2em\u00bb text_font_size_last_edited=\u00bbon|desktop\u00bb text_orientation_tablet=\u00bbcenter\u00bb text_orientation_phone=\u00bbleft\u00bb text_orientation_last_edited=\u00bbon|phone\u00bb global_colors_info=\u00bb{}\u00bb]<\/p>\n<p>Historia<\/p>\n<p>[\/et_pb_text][et_pb_text module_class=\u00bb reveal reveal-left\u00bb _builder_version=\u00bb4.27.4&#8243; _module_preset=\u00bbdefault\u00bb text_font=\u00bbRoboto Serif|100|||||||\u00bb text_text_color=\u00bb#000000&#8243; text_font_size=\u00bb1.4em\u00bb text_line_height=\u00bb1.8em\u00bb custom_margin=\u00bb||30px||false|false\u00bb custom_padding=\u00bb||||false|false\u00bb text_font_size_tablet=\u00bb1.3em\u00bb text_font_size_phone=\u00bb1.2em\u00bb text_font_size_last_edited=\u00bbon|desktop\u00bb text_line_height_tablet=\u00bb1.8em\u00bb text_line_height_phone=\u00bb2.3em\u00bb text_line_height_last_edited=\u00bbon|phone\u00bb text_orientation_tablet=\u00bbcenter\u00bb text_orientation_phone=\u00bbleft\u00bb text_orientation_last_edited=\u00bbon|phone\u00bb global_colors_info=\u00bb{}\u00bb]<\/p>\n<p>La tradici\u00f3n local sit\u00faa esta venta como heredera de aquellas que, en tiempos cervantinos, ofrec\u00edan techo y sustento al viajero en medio del vasto paisaje manchego. Puerto L\u00e1pice figura en las p\u00e1ginas del Quijote, y la memoria popular siempre ha unido este lugar al esp\u00edritu del hidalgo y su fiel escudero. Sin artificios y sin adornos, la Venta del Quijote conserva esa esencia antigua que invita a imaginar jinetes, carros, polvo en los caminos y noches serenas bajo las estrellas.<\/p>\n<p>[\/et_pb_text][et_pb_text module_class=\u00bb reveal reveal-left\u00bb _builder_version=\u00bb4.27.4&#8243; _module_preset=\u00bbdefault\u00bb text_font=\u00bbTangerine|100|||||||\u00bb text_text_color=\u00bb#000000&#8243; text_font_size=\u00bb2.8em\u00bb text_line_height=\u00bb1em\u00bb custom_margin=\u00bb||30px|35px|false|false\u00bb custom_margin_tablet=\u00bb||30px|35px|false|false\u00bb custom_margin_phone=\u00bb|||0px|false|false\u00bb custom_margin_last_edited=\u00bbon|phone\u00bb custom_padding=\u00bb|||15px|false|false\u00bb custom_padding_tablet=\u00bb|||15px|false|false\u00bb custom_padding_phone=\u00bb|50px||20px|false|false\u00bb custom_padding_last_edited=\u00bbon|phone\u00bb text_font_size_tablet=\u00bb2em\u00bb text_font_size_phone=\u00bb2.2em\u00bb text_font_size_last_edited=\u00bbon|phone\u00bb text_orientation_tablet=\u00bbcenter\u00bb text_orientation_phone=\u00bbleft\u00bb text_orientation_last_edited=\u00bbon|phone\u00bb border_width_left=\u00bb3px\u00bb border_color_left=\u00bb#d9d9d9&#8243; global_colors_info=\u00bb{}\u00bb]<\/p>\n<p>Donde la Mancha guarda su alma, una venta permanece en pie, firme ante el tiempo y generosa con quien la visita.<\/p>\n<p>[\/et_pb_text][\/et_pb_column][et_pb_column type=\u00bb1_2&#8243; _builder_version=\u00bb4.27.4&#8243; _module_preset=\u00bbdefault\u00bb global_colors_info=\u00bb{}\u00bb][et_pb_image src=\u00bbhttp:\/\/ventadelquijote.softme.es\/wp-content\/uploads\/2025\/10\/IMG_8825-2.jpg\u00bb title_text=\u00bbIMG_8825 2&#8243; disabled_on=\u00bbon|on|off\u00bb module_class=\u00bbmask5 reveal reveal-right\u00bb _builder_version=\u00bb4.27.4&#8243; _module_preset=\u00bbdefault\u00bb background_color=\u00bbRGBA(255,255,255,0)\u00bb height=\u00bb700px\u00bb height_tablet=\u00bb500px\u00bb height_phone=\u00bb320px\u00bb height_last_edited=\u00bbon|phone\u00bb global_colors_info=\u00bb{}\u00bb][\/et_pb_image][\/et_pb_column][\/et_pb_row][\/et_pb_section]<\/p>","protected":false},"excerpt":{"rendered":"<p>La ventaLa Venta del Quijote es un lugar donde el tiempo avanza despacio y la memoria de Castilla camina libre entre vigas de madera, arcilla y silencio. Aqu\u00ed, en el coraz\u00f3n de Puerto L\u00e1pice, las historias no se cuentan: se respiran. Viajeros, curiosos y caminantes encuentran refugio en su patio blanco, en los ecos de [&hellip;]<\/p>","protected":false},"author":1,"featured_media":0,"parent":0,"menu_order":0,"comment_status":"closed","ping_status":"closed","template":"","meta":{"_et_pb_use_builder":"on","_et_pb_old_content":"","_et_gb_content_width":"","inline_featured_image":false,"footnotes":""},"class_list":["post-147","page","type-page","status-publish","hentry"],"_links":{"self":[{"href":"https:\/\/ventadelquijote.softme.es\/en\/wp-json\/wp\/v2\/pages\/147","targetHints":{"allow":["GET"]}}],"collection":[{"href":"https:\/\/ventadelquijote.softme.es\/en\/wp-json\/wp\/v2\/pages"}],"about":[{"href":"https:\/\/ventadelquijote.softme.es\/en\/wp-json\/wp\/v2\/types\/page"}],"author":[{"embeddable":true,"href":"https:\/\/ventadelquijote.softme.es\/en\/wp-json\/wp\/v2\/users\/1"}],"replies":[{"embeddable":true,"href":"https:\/\/ventadelquijote.softme.es\/en\/wp-json\/wp\/v2\/comments?post=147"}],"version-history":[{"count":139,"href":"https:\/\/ventadelquijote.softme.es\/en\/wp-json\/wp\/v2\/pages\/147\/revisions"}],"predecessor-version":[{"id":1096,"href":"https:\/\/ventadelquijote.softme.es\/en\/wp-json\/wp\/v2\/pages\/147\/revisions\/1096"}],"wp:attachment":[{"href":"https:\/\/ventadelquijote.softme.es\/en\/wp-json\/wp\/v2\/media?parent=147"}],"curies":[{"name":"wp","href":"https:\/\/api.w.org\/{rel}","templated":true}]}}