{"id":150,"date":"2025-10-29T08:00:01","date_gmt":"2025-10-29T08:00:01","guid":{"rendered":"https:\/\/ventadelquijote.softme.es\/?page_id=150"},"modified":"2025-11-19T09:21:42","modified_gmt":"2025-11-19T09:21:42","slug":"el-restaurante","status":"publish","type":"page","link":"https:\/\/ventadelquijote.softme.es\/en\/el-restaurante\/","title":{"rendered":"El Restaurante"},"content":{"rendered":"<p>[et_pb_section fb_built=\u00bb1&#8243; module_class=\u00bbmask3_2&#8243; _builder_version=\u00bb4.27.4&#8243; _module_preset=\u00bbdefault\u00bb background_image=\u00bbhttp:\/\/ventadelquijote.softme.es\/wp-content\/uploads\/2025\/11\/IMG_4034-1920&#215;1280-1.jpg\u00bb height=\u00bb500px\u00bb height_tablet=\u00bb300px\u00bb height_phone=\u00bb200px\u00bb height_last_edited=\u00bbon|phone\u00bb custom_margin=\u00bb80px||||false|false\u00bb global_colors_info=\u00bb{}\u00bb][\/et_pb_section][et_pb_section fb_built=\u00bb1&#8243; custom_padding_last_edited=\u00bbon|desktop\u00bb _builder_version=\u00bb4.27.4&#8243; _module_preset=\u00bbdefault\u00bb background_color=\u00bbRGBA(255,255,255,0)\u00bb custom_margin=\u00bb0px|0px|0px|0px|true|true\u00bb custom_padding=\u00bb50px|10vw|50px|10vw|true|true\u00bb custom_padding_tablet=\u00bb50px||50px||true|true\u00bb custom_padding_phone=\u00bb0px|5vw|0px|5vw|true|true\u00bb global_colors_info=\u00bb{}\u00bb][et_pb_row custom_padding_last_edited=\u00bbon|phone\u00bb _builder_version=\u00bb4.27.4&#8243; _module_preset=\u00bbdefault\u00bb width_tablet=\u00bb\u00bb width_phone=\u00bb100%\u00bb width_last_edited=\u00bbon|phone\u00bb max_width_tablet=\u00bb\u00bb max_width_phone=\u00bb100%\u00bb max_width_last_edited=\u00bbon|phone\u00bb custom_padding=\u00bb|50px||50px|false|true\u00bb custom_padding_tablet=\u00bb|0px||0px|false|true\u00bb custom_padding_phone=\u00bb|0px||0px|false|true\u00bb global_colors_info=\u00bb{}\u00bb][et_pb_column type=\u00bb4_4&#8243; _builder_version=\u00bb4.27.4&#8243; _module_preset=\u00bbdefault\u00bb global_colors_info=\u00bb{}\u00bb][et_pb_text module_class=\u00bbfw400 reveal reveal-up\u00bb _builder_version=\u00bb4.27.4&#8243; _module_preset=\u00bbdefault\u00bb text_font=\u00bbRoboto Serif||||||||\u00bb text_text_color=\u00bb#000000&#8243; text_font_size=\u00bb3.5em\u00bb text_line_height=\u00bb1.5em\u00bb text_orientation=\u00bbcenter\u00bb text_font_size_tablet=\u00bb3em\u00bb text_font_size_phone=\u00bb2em\u00bb text_font_size_last_edited=\u00bbon|phone\u00bb global_colors_info=\u00bb{}\u00bb]<\/p>\n<p>El Restaurante<\/p>\n<p>[\/et_pb_text][et_pb_text module_class=\u00bb reveal reveal-up\u00bb _builder_version=\u00bb4.27.4&#8243; _module_preset=\u00bbdefault\u00bb text_font=\u00bbRoboto Serif|300|||||||\u00bb text_text_color=\u00bb#000000&#8243; text_font_size=\u00bb1.5em\u00bb text_line_height=\u00bb2em\u00bb text_orientation=\u00bbcenter\u00bb text_font_size_tablet=\u00bb1.2em\u00bb text_font_size_phone=\u00bb\u00bb text_font_size_last_edited=\u00bbon|tablet\u00bb global_colors_info=\u00bb{}\u00bb]<\/p>\n<p>En la Venta del Quijote, la cocina no pretende reinventar Castilla: la honra. Cada plato nace de la despensa manchega, de productos humildes y nobles que llevan generaciones alimentando a pastores, campesinos y viajeros. Aqu\u00ed manda el fuego lento, el pan reciente y la memoria culinaria de la regi\u00f3n. Lo que servimos no es una receta: es una forma de vivir.<\/p>\n<p>[\/et_pb_text][et_pb_image src=\u00bbhttp:\/\/ventadelquijote.softme.es\/wp-content\/uploads\/2025\/10\/Comida.svg\u00bb title_text=\u00bbComida\u00bb align=\u00bbcenter\u00bb module_class=\u00bb reveal reveal-up\u00bb _builder_version=\u00bb4.27.4&#8243; _module_preset=\u00bbdefault\u00bb height=\u00bb400px\u00bb global_colors_info=\u00bb{}\u00bb][\/et_pb_image][et_pb_text module_class=\u00bbunderlineCenter reveal reveal-up\u00bb _builder_version=\u00bb4.27.4&#8243; _dynamic_attributes=\u00bblink_option_url\u00bb _module_preset=\u00bbdefault\u00bb text_font=\u00bbTangerine||||||||\u00bb text_text_color=\u00bb#000000&#8243; text_font_size=\u00bb2.5em\u00bb text_line_height=\u00bb1.6em\u00bb text_orientation=\u00bbcenter\u00bb custom_margin=\u00bb50px||||false|false\u00bb link_option_url=\u00bb@ET-DC@eyJkeW5hbWljIjp0cnVlLCJjb250ZW50IjoicG9zdF9saW5rX3VybF9wYWdlIiwic2V0dGluZ3MiOnsicG9zdF9pZCI6IjE1NSJ9fQ==@\u00bb locked=\u00bboff\u00bb global_colors_info=\u00bb{}\u00bb]<\/p>\n<p>Ver nuestra carta<\/p>\n<p>[\/et_pb_text][\/et_pb_column][\/et_pb_row][\/et_pb_section][et_pb_section fb_built=\u00bb1&#8243; custom_padding_last_edited=\u00bbon|tablet\u00bb module_class=\u00bb reveal reveal-up\u00bb _builder_version=\u00bb4.27.4&#8243; _module_preset=\u00bbdefault\u00bb background_color=\u00bbRGBA(255,255,255,0)\u00bb custom_margin=\u00bb0px|0px|0px|0px|true|true\u00bb custom_padding=\u00bb0px|10vw|0px|10vw|true|true\u00bb custom_padding_tablet=\u00bb0px|5vw|0px|5vw|true|true\u00bb custom_padding_phone=\u00bb0px|5vw|0px|5vw|true|true\u00bb locked=\u00bboff\u00bb global_colors_info=\u00bb{}\u00bb][et_pb_row module_class=\u00bbmask2_2&#8243; _builder_version=\u00bb4.27.4&#8243; _module_preset=\u00bbdefault\u00bb background_image=\u00bbhttp:\/\/ventadelquijote.softme.es\/wp-content\/uploads\/2025\/11\/IMG_4015-1920&#215;1280-2.jpg\u00bb width=\u00bb100%\u00bb max_width=\u00bb100%\u00bb height=\u00bb800px\u00bb height_tablet=\u00bb300px\u00bb height_phone=\u00bb300px\u00bb height_last_edited=\u00bbon|tablet\u00bb custom_margin=\u00bb0px|0px|0px|0px|false|false\u00bb custom_padding=\u00bb0px|0px|0px|0px|false|false\u00bb global_colors_info=\u00bb{}\u00bb][et_pb_column type=\u00bb4_4&#8243; _builder_version=\u00bb4.27.4&#8243; _module_preset=\u00bbdefault\u00bb global_colors_info=\u00bb{}\u00bb][\/et_pb_column][\/et_pb_row][\/et_pb_section][et_pb_section fb_built=\u00bb1&#8243; custom_padding_last_edited=\u00bbon|phone\u00bb _builder_version=\u00bb4.27.4&#8243; _module_preset=\u00bbdefault\u00bb background_color=\u00bbRGBA(255,255,255,0)\u00bb custom_margin=\u00bb0px|0px|0px|0px|true|true\u00bb custom_padding=\u00bb150px|10vw|150px|10vw|true|true\u00bb custom_padding_tablet=\u00bb50px||50px||false|true\u00bb custom_padding_phone=\u00bb50px|5vw|0px|5vw|false|true\u00bb locked=\u00bboff\u00bb global_colors_info=\u00bb{}\u00bb][et_pb_row column_structure=\u00bb1_2,1_2&#8243; use_custom_gutter=\u00bbon\u00bb gutter_width=\u00bb4&#8243; make_equal=\u00bbon\u00bb _builder_version=\u00bb4.27.4&#8243; _module_preset=\u00bbdefault\u00bb width=\u00bb100%\u00bb max_width=\u00bb100%\u00bb custom_margin=\u00bb0px|0px|0px|0px|false|false\u00bb custom_padding=\u00bb0px|0px|0px|0px|false|false\u00bb global_colors_info=\u00bb{}\u00bb][et_pb_column type=\u00bb1_2&#8243; _builder_version=\u00bb4.27.4&#8243; _module_preset=\u00bbdefault\u00bb global_colors_info=\u00bb{}\u00bb][et_pb_image src=\u00bbhttp:\/\/ventadelquijote.softme.es\/wp-content\/uploads\/2025\/10\/QuijoteAnchoCompleto.jpg\u00bb title_text=\u00bbQuijoteAnchoCompleto\u00bb force_fullwidth=\u00bbon\u00bb disabled_on=\u00bbon|on|off\u00bb module_class=\u00bbmask5_2 reveal reveal-left\u00bb _builder_version=\u00bb4.27.4&#8243; _module_preset=\u00bbdefault\u00bb background_color=\u00bbRGBA(255,255,255,0)\u00bb height=\u00bb700px\u00bb height_tablet=\u00bb500px\u00bb height_phone=\u00bb320px\u00bb height_last_edited=\u00bbon|phone\u00bb hover_enabled=\u00bb0&#8243; custom_css_free_form=\u00bbselector img {||  object-fit:cover;||  object-position:center left;||}\u00bb global_colors_info=\u00bb{}\u00bb show_in_lightbox=\u00bbon\u00bb sticky_enabled=\u00bb0&#8243;][\/et_pb_image][\/et_pb_column][et_pb_column type=\u00bb1_2&#8243; module_class=\u00bbcolumnTextVerticalCenter\u00bb _builder_version=\u00bb4.27.4&#8243; _module_preset=\u00bbdefault\u00bb global_colors_info=\u00bb{}\u00bb][et_pb_text module_class=\u00bbfw400 reveal reveal-right\u00bb _builder_version=\u00bb4.27.4&#8243; _module_preset=\u00bbdefault\u00bb text_font=\u00bbRoboto Serif||||||||\u00bb text_text_color=\u00bb#000000&#8243; text_font_size=\u00bb3.5em\u00bb text_line_height=\u00bb1.5em\u00bb custom_margin=\u00bb||30px||false|false\u00bb custom_margin_tablet=\u00bb||15px||false|false\u00bb custom_margin_phone=\u00bb||15px||false|false\u00bb custom_margin_last_edited=\u00bbon|tablet\u00bb text_font_size_tablet=\u00bb2em\u00bb text_font_size_phone=\u00bb2em\u00bb text_font_size_last_edited=\u00bbon|desktop\u00bb text_orientation_tablet=\u00bbcenter\u00bb text_orientation_phone=\u00bbleft\u00bb text_orientation_last_edited=\u00bbon|phone\u00bb global_colors_info=\u00bb{}\u00bb]<\/p>\n<p>Nuestra propuesta graton\u00f3mica<\/p>\n<p>[\/et_pb_text][et_pb_text module_class=\u00bbfw400 reveal reveal-right\u00bb _builder_version=\u00bb4.27.4&#8243; _module_preset=\u00bbdefault\u00bb text_font=\u00bbRoboto Serif||||||||\u00bb text_text_color=\u00bb#000000&#8243; text_font_size=\u00bb2em\u00bb text_line_height=\u00bb1.5em\u00bb custom_margin=\u00bb||10px||false|false\u00bb custom_margin_tablet=\u00bb||15px||false|false\u00bb custom_margin_phone=\u00bb||15px||false|false\u00bb custom_margin_last_edited=\u00bbon|tablet\u00bb text_font_size_tablet=\u00bb1.5em\u00bb text_font_size_phone=\u00bb\u00bb text_font_size_last_edited=\u00bbon|phone\u00bb text_orientation_tablet=\u00bbcenter\u00bb text_orientation_phone=\u00bbleft\u00bb text_orientation_last_edited=\u00bbon|phone\u00bb global_colors_info=\u00bb{}\u00bb]<\/p>\n<p>La Mesa Manchega<\/p>\n<p>[\/et_pb_text][et_pb_text module_class=\u00bb reveal reveal-right\u00bb _builder_version=\u00bb4.27.4&#8243; _module_preset=\u00bbdefault\u00bb text_font=\u00bbRoboto Serif|100|||||||\u00bb text_text_color=\u00bb#000000&#8243; text_font_size=\u00bb1.4em\u00bb text_line_height=\u00bb1.8em\u00bb custom_margin=\u00bb||30px||false|false\u00bb custom_padding=\u00bb||||false|false\u00bb text_font_size_tablet=\u00bb1.3em\u00bb text_font_size_phone=\u00bb1.2em\u00bb text_font_size_last_edited=\u00bbon|phone\u00bb text_line_height_tablet=\u00bb1.8em\u00bb text_line_height_phone=\u00bb2.3em\u00bb text_line_height_last_edited=\u00bbon|phone\u00bb text_orientation_tablet=\u00bbcenter\u00bb text_orientation_phone=\u00bbleft\u00bb text_orientation_last_edited=\u00bbon|phone\u00bb locked=\u00bboff\u00bb global_colors_info=\u00bb{}\u00bb]<\/p>\n<p>En nuestras mesas conviven recetas recogidas del tiempo y adaptadas con respeto:<br \/>cordero tierno y arom\u00e1tico, migas sobrias y abundantes, sopas de pan que resucitan al cuerpo y embutidos que cuentan origen sin necesidad de palabras. Cada plato llega como deb\u00eda llegar en una venta: honesto, pleno y sin prisas.<\/p>\n<p>[\/et_pb_text][et_pb_text module_class=\u00bbfw400 reveal reveal-right\u00bb _builder_version=\u00bb4.27.4&#8243; _module_preset=\u00bbdefault\u00bb text_font=\u00bbRoboto Serif||||||||\u00bb text_text_color=\u00bb#000000&#8243; text_font_size=\u00bb2em\u00bb text_line_height=\u00bb1.5em\u00bb custom_margin=\u00bb||10px||false|false\u00bb custom_margin_tablet=\u00bb||15px||false|false\u00bb custom_margin_phone=\u00bb||15px||false|false\u00bb custom_margin_last_edited=\u00bbon|tablet\u00bb text_font_size_tablet=\u00bb1.5em\u00bb text_font_size_phone=\u00bb\u00bb text_font_size_last_edited=\u00bbon|phone\u00bb text_orientation_tablet=\u00bbcenter\u00bb text_orientation_phone=\u00bbleft\u00bb text_orientation_last_edited=\u00bbon|phone\u00bb locked=\u00bboff\u00bb global_colors_info=\u00bb{}\u00bb]<\/p>\n<p>Dulces y Tradici\u00f3n<\/p>\n<p>[\/et_pb_text][et_pb_text module_class=\u00bb reveal reveal-right\u00bb _builder_version=\u00bb4.27.4&#8243; _module_preset=\u00bbdefault\u00bb text_font=\u00bbRoboto Serif|100|||||||\u00bb text_text_color=\u00bb#000000&#8243; text_font_size=\u00bb1.4em\u00bb text_line_height=\u00bb1.8em\u00bb custom_margin=\u00bb||30px||false|false\u00bb custom_padding=\u00bb||||false|false\u00bb text_font_size_tablet=\u00bb1.3em\u00bb text_font_size_phone=\u00bb1.2em\u00bb text_font_size_last_edited=\u00bbon|phone\u00bb text_line_height_tablet=\u00bb1.8em\u00bb text_line_height_phone=\u00bb2.3em\u00bb text_line_height_last_edited=\u00bbon|phone\u00bb text_orientation_tablet=\u00bbcenter\u00bb text_orientation_phone=\u00bbleft\u00bb text_orientation_last_edited=\u00bbon|phone\u00bb locked=\u00bboff\u00bb global_colors_info=\u00bb{}\u00bb]<\/p>\n<p>La reposter\u00eda se elabora como anta\u00f1o, con harina, huevo, miel y paciencia. Bizcochos suaves, flores fritas de aroma c\u00e1lido y postres que recuerdan sobremesas largas, donde el vino reposaba en la mesa y el sol ca\u00eda despacio sobre el patio.<\/p>\n<p>[\/et_pb_text][\/et_pb_column][\/et_pb_row][\/et_pb_section][et_pb_section fb_built=\u00bb1&#8243; custom_padding_last_edited=\u00bbon|tablet\u00bb module_class=\u00bb reveal reveal-up\u00bb _builder_version=\u00bb4.27.4&#8243; _module_preset=\u00bbdefault\u00bb background_color=\u00bbRGBA(255,255,255,0)\u00bb custom_margin=\u00bb0px|0px|0px|0px|false|false\u00bb custom_padding=\u00bb150px|10vw|250px|10vw|false|true\u00bb custom_padding_tablet=\u00bb50px|10vw|50px|10vw|false|true\u00bb custom_padding_phone=\u00bb|5vw||5vw|true|true\u00bb global_colors_info=\u00bb{}\u00bb][et_pb_row column_structure=\u00bb1_3,1_3,1_3&#8243; use_custom_gutter=\u00bbon\u00bb gutter_width=\u00bb1&#8243; make_equal=\u00bbon\u00bb _builder_version=\u00bb4.27.4&#8243; _module_preset=\u00bbdefault\u00bb width=\u00bb100%\u00bb max_width=\u00bb100%\u00bb custom_margin=\u00bb0px|0px|0px|0px|false|false\u00bb custom_padding=\u00bb0px|0px|0px|0px|false|false\u00bb global_colors_info=\u00bb{}\u00bb][et_pb_column type=\u00bb1_3&#8243; _builder_version=\u00bb4.27.4&#8243; _module_preset=\u00bbdefault\u00bb global_colors_info=\u00bb{}\u00bb][et_pb_image src=\u00bbhttp:\/\/ventadelquijote.softme.es\/wp-content\/uploads\/2025\/11\/Guiso-de-Bodas-de-Camacho.jpg\u00bb title_text=\u00bbNacho Legorburu\u00bb show_in_lightbox=\u00bbon\u00bb align=\u00bbcenter\u00bb force_fullwidth=\u00bbon\u00bb module_class=\u00bbmask4_2 \u00bb _builder_version=\u00bb4.27.4&#8243; _module_preset=\u00bbdefault\u00bb height=\u00bb370px\u00bb height_tablet=\u00bb300px\u00bb height_phone=\u00bb300px\u00bb height_last_edited=\u00bbon|phone\u00bb custom_css_free_form=\u00bbselector img {||  object-fit:cover;||  object-position:center left;||}\u00bb global_colors_info=\u00bb{}\u00bb][\/et_pb_image][\/et_pb_column][et_pb_column type=\u00bb1_3&#8243; _builder_version=\u00bb4.27.4&#8243; _module_preset=\u00bbdefault\u00bb global_colors_info=\u00bb{}\u00bb][et_pb_image src=\u00bbhttp:\/\/ventadelquijote.softme.es\/wp-content\/uploads\/2025\/11\/Guiso-de-las-bodas-de-Camacho-Carta.jpg\u00bb title_text=\u00bbNacho Legorburu\u00bb show_in_lightbox=\u00bbon\u00bb align=\u00bbcenter\u00bb force_fullwidth=\u00bbon\u00bb module_class=\u00bbmask4&#8243; _builder_version=\u00bb4.27.4&#8243; _module_preset=\u00bbdefault\u00bb height=\u00bb370px\u00bb height_tablet=\u00bb300px\u00bb height_phone=\u00bb300px\u00bb height_last_edited=\u00bbon|tablet\u00bb global_colors_info=\u00bb{}\u00bb][\/et_pb_image][\/et_pb_column][et_pb_column type=\u00bb1_3&#8243; _builder_version=\u00bb4.27.4&#8243; _module_preset=\u00bbdefault\u00bb global_colors_info=\u00bb{}\u00bb][et_pb_image src=\u00bbhttp:\/\/ventadelquijote.softme.es\/wp-content\/uploads\/2025\/11\/Flor-con-helado.jpg\u00bb title_text=\u00bbNacho Legorburu\u00bb show_in_lightbox=\u00bbon\u00bb align=\u00bbcenter\u00bb force_fullwidth=\u00bbon\u00bb module_class=\u00bbmask4_3&#8243; _builder_version=\u00bb4.27.4&#8243; _module_preset=\u00bbdefault\u00bb height=\u00bb370px\u00bb height_tablet=\u00bb300px\u00bb height_phone=\u00bb300px\u00bb height_last_edited=\u00bbon|tablet\u00bb global_colors_info=\u00bb{}\u00bb][\/et_pb_image][\/et_pb_column][\/et_pb_row][et_pb_row column_structure=\u00bb1_3,1_3,1_3&#8243; use_custom_gutter=\u00bbon\u00bb gutter_width=\u00bb1&#8243; make_equal=\u00bbon\u00bb _builder_version=\u00bb4.27.4&#8243; _module_preset=\u00bbdefault\u00bb width=\u00bb100%\u00bb max_width=\u00bb100%\u00bb custom_margin=\u00bb0px|0px|0px|0px|false|false\u00bb custom_padding=\u00bb0px|0px|0px|0px|false|false\u00bb global_colors_info=\u00bb{}\u00bb][et_pb_column type=\u00bb1_3&#8243; _builder_version=\u00bb4.27.4&#8243; _module_preset=\u00bbdefault\u00bb global_colors_info=\u00bb{}\u00bb][et_pb_image src=\u00bbhttp:\/\/ventadelquijote.softme.es\/wp-content\/uploads\/2025\/11\/Gachas-de-Matanza.jpg\u00bb title_text=\u00bbNacho Legorburu\u00bb show_in_lightbox=\u00bbon\u00bb align=\u00bbcenter\u00bb force_fullwidth=\u00bbon\u00bb module_class=\u00bbmask4_2 \u00bb _builder_version=\u00bb4.27.4&#8243; _module_preset=\u00bbdefault\u00bb height=\u00bb370px\u00bb height_tablet=\u00bb300px\u00bb height_phone=\u00bb300px\u00bb height_last_edited=\u00bbon|phone\u00bb custom_css_free_form=\u00bbselector img {||  object-fit:cover;||  object-position:center left;||}\u00bb global_colors_info=\u00bb{}\u00bb][\/et_pb_image][\/et_pb_column][et_pb_column type=\u00bb1_3&#8243; _builder_version=\u00bb4.27.4&#8243; _module_preset=\u00bbdefault\u00bb global_colors_info=\u00bb{}\u00bb][et_pb_image src=\u00bbhttp:\/\/ventadelquijote.softme.es\/wp-content\/uploads\/2025\/11\/Gazpacho-Andaluz.jpg\u00bb title_text=\u00bbNacho Legorburu\u00bb show_in_lightbox=\u00bbon\u00bb align=\u00bbcenter\u00bb force_fullwidth=\u00bbon\u00bb module_class=\u00bbmask4&#8243; _builder_version=\u00bb4.27.4&#8243; _module_preset=\u00bbdefault\u00bb height=\u00bb370px\u00bb height_tablet=\u00bb300px\u00bb height_phone=\u00bb300px\u00bb height_last_edited=\u00bbon|tablet\u00bb global_colors_info=\u00bb{}\u00bb][\/et_pb_image][\/et_pb_column][et_pb_column type=\u00bb1_3&#8243; _builder_version=\u00bb4.27.4&#8243; _module_preset=\u00bbdefault\u00bb global_colors_info=\u00bb{}\u00bb][\/et_pb_column][\/et_pb_row][et_pb_row column_structure=\u00bb1_3,1_3,1_3&#8243; use_custom_gutter=\u00bbon\u00bb gutter_width=\u00bb1&#8243; make_equal=\u00bbon\u00bb _builder_version=\u00bb4.27.4&#8243; _module_preset=\u00bbdefault\u00bb width=\u00bb100%\u00bb max_width=\u00bb100%\u00bb custom_margin=\u00bb0px|0px|0px|0px|false|false\u00bb custom_padding=\u00bb0px|0px|0px|0px|false|false\u00bb global_colors_info=\u00bb{}\u00bb][et_pb_column type=\u00bb1_3&#8243; _builder_version=\u00bb4.27.4&#8243; _module_preset=\u00bbdefault\u00bb global_colors_info=\u00bb{}\u00bb][et_pb_image src=\u00bbhttp:\/\/ventadelquijote.softme.es\/wp-content\/uploads\/2025\/11\/Pollo-con-patatas.jpg\u00bb title_text=\u00bbNacho Legorburu\u00bb show_in_lightbox=\u00bbon\u00bb align=\u00bbcenter\u00bb force_fullwidth=\u00bbon\u00bb module_class=\u00bbmask4_2 \u00bb _builder_version=\u00bb4.27.4&#8243; _module_preset=\u00bbdefault\u00bb height=\u00bb370px\u00bb height_tablet=\u00bb300px\u00bb height_phone=\u00bb300px\u00bb height_last_edited=\u00bbon|phone\u00bb custom_css_free_form=\u00bbselector img {||  object-fit:cover;||  object-position:center left;||}\u00bb global_colors_info=\u00bb{}\u00bb][\/et_pb_image][\/et_pb_column][et_pb_column type=\u00bb1_3&#8243; _builder_version=\u00bb4.27.4&#8243; _module_preset=\u00bbdefault\u00bb global_colors_info=\u00bb{}\u00bb][et_pb_image src=\u00bbhttp:\/\/ventadelquijote.softme.es\/wp-content\/uploads\/2025\/11\/Salmorejo.jpg\u00bb title_text=\u00bbNacho Legorburu\u00bb show_in_lightbox=\u00bbon\u00bb align=\u00bbcenter\u00bb force_fullwidth=\u00bbon\u00bb module_class=\u00bbmask4&#8243; _builder_version=\u00bb4.27.4&#8243; _module_preset=\u00bbdefault\u00bb height=\u00bb370px\u00bb height_tablet=\u00bb300px\u00bb height_phone=\u00bb300px\u00bb height_last_edited=\u00bbon|tablet\u00bb global_colors_info=\u00bb{}\u00bb][\/et_pb_image][\/et_pb_column][et_pb_column type=\u00bb1_3&#8243; _builder_version=\u00bb4.27.4&#8243; _module_preset=\u00bbdefault\u00bb global_colors_info=\u00bb{}\u00bb][et_pb_image src=\u00bbhttp:\/\/ventadelquijote.softme.es\/wp-content\/uploads\/2025\/11\/Migas-de-Pastor.jpg\u00bb title_text=\u00bbNacho Legorburu\u00bb show_in_lightbox=\u00bbon\u00bb align=\u00bbcenter\u00bb force_fullwidth=\u00bbon\u00bb module_class=\u00bbmask4_3&#8243; _builder_version=\u00bb4.27.4&#8243; _module_preset=\u00bbdefault\u00bb height=\u00bb370px\u00bb height_tablet=\u00bb300px\u00bb height_phone=\u00bb300px\u00bb height_last_edited=\u00bbon|tablet\u00bb global_colors_info=\u00bb{}\u00bb][\/et_pb_image][\/et_pb_column][\/et_pb_row][et_pb_row column_structure=\u00bb1_3,1_3,1_3&#8243; use_custom_gutter=\u00bbon\u00bb gutter_width=\u00bb1&#8243; make_equal=\u00bbon\u00bb _builder_version=\u00bb4.27.4&#8243; _module_preset=\u00bbdefault\u00bb width=\u00bb100%\u00bb max_width=\u00bb100%\u00bb custom_margin=\u00bb0px|0px|0px|0px|false|false\u00bb custom_padding=\u00bb0px|0px|0px|0px|false|false\u00bb global_colors_info=\u00bb{}\u00bb][et_pb_column type=\u00bb1_3&#8243; _builder_version=\u00bb4.27.4&#8243; _module_preset=\u00bbdefault\u00bb global_colors_info=\u00bb{}\u00bb][et_pb_image src=\u00bbhttp:\/\/ventadelquijote.softme.es\/wp-content\/uploads\/2025\/11\/olla-de-La-Venta.jpg\u00bb title_text=\u00bbNacho Legorburu\u00bb show_in_lightbox=\u00bbon\u00bb align=\u00bbcenter\u00bb force_fullwidth=\u00bbon\u00bb module_class=\u00bbmask4_2 \u00bb _builder_version=\u00bb4.27.4&#8243; _module_preset=\u00bbdefault\u00bb height=\u00bb370px\u00bb height_tablet=\u00bb300px\u00bb height_phone=\u00bb300px\u00bb height_last_edited=\u00bbon|phone\u00bb custom_css_free_form=\u00bbselector img {||  object-fit:cover;||  object-position:center left;||}\u00bb global_colors_info=\u00bb{}\u00bb][\/et_pb_image][\/et_pb_column][et_pb_column type=\u00bb1_3&#8243; _builder_version=\u00bb4.27.4&#8243; _module_preset=\u00bbdefault\u00bb global_colors_info=\u00bb{}\u00bb][et_pb_image src=\u00bbhttp:\/\/ventadelquijote.softme.es\/wp-content\/uploads\/2025\/11\/Perdiz-en-escabeche.jpg\u00bb title_text=\u00bbNacho Legorburu\u00bb show_in_lightbox=\u00bbon\u00bb align=\u00bbcenter\u00bb force_fullwidth=\u00bbon\u00bb module_class=\u00bbmask4&#8243; _builder_version=\u00bb4.27.4&#8243; _module_preset=\u00bbdefault\u00bb height=\u00bb370px\u00bb height_tablet=\u00bb300px\u00bb height_phone=\u00bb300px\u00bb height_last_edited=\u00bbon|tablet\u00bb global_colors_info=\u00bb{}\u00bb][\/et_pb_image][\/et_pb_column][et_pb_column type=\u00bb1_3&#8243; _builder_version=\u00bb4.27.4&#8243; _module_preset=\u00bbdefault\u00bb global_colors_info=\u00bb{}\u00bb][et_pb_image src=\u00bbhttp:\/\/ventadelquijote.softme.es\/wp-content\/uploads\/2025\/11\/Perdiz-estofada.jpg\u00bb title_text=\u00bbNacho Legorburu\u00bb show_in_lightbox=\u00bbon\u00bb align=\u00bbcenter\u00bb force_fullwidth=\u00bbon\u00bb module_class=\u00bbmask4_3&#8243; _builder_version=\u00bb4.27.4&#8243; _module_preset=\u00bbdefault\u00bb height=\u00bb370px\u00bb height_tablet=\u00bb300px\u00bb height_phone=\u00bb300px\u00bb height_last_edited=\u00bbon|tablet\u00bb global_colors_info=\u00bb{}\u00bb][\/et_pb_image][\/et_pb_column][\/et_pb_row][et_pb_row column_structure=\u00bb1_3,1_3,1_3&#8243; use_custom_gutter=\u00bbon\u00bb gutter_width=\u00bb1&#8243; make_equal=\u00bbon\u00bb _builder_version=\u00bb4.27.4&#8243; _module_preset=\u00bbdefault\u00bb width=\u00bb100%\u00bb max_width=\u00bb100%\u00bb custom_margin=\u00bb0px|0px|0px|0px|false|false\u00bb custom_padding=\u00bb0px|0px|0px|0px|false|false\u00bb global_colors_info=\u00bb{}\u00bb][et_pb_column type=\u00bb1_3&#8243; _builder_version=\u00bb4.27.4&#8243; _module_preset=\u00bbdefault\u00bb global_colors_info=\u00bb{}\u00bb][et_pb_image src=\u00bbhttp:\/\/ventadelquijote.softme.es\/wp-content\/uploads\/2025\/11\/Pisto-con-huevo.jpg\u00bb title_text=\u00bbNacho Legorburu\u00bb show_in_lightbox=\u00bbon\u00bb align=\u00bbcenter\u00bb force_fullwidth=\u00bbon\u00bb module_class=\u00bbmask4_2 \u00bb _builder_version=\u00bb4.27.4&#8243; _module_preset=\u00bbdefault\u00bb height=\u00bb370px\u00bb height_tablet=\u00bb300px\u00bb height_phone=\u00bb300px\u00bb height_last_edited=\u00bbon|phone\u00bb custom_css_free_form=\u00bbselector img {||  object-fit:cover;||  object-position:center left;||}\u00bb global_colors_info=\u00bb{}\u00bb][\/et_pb_image][\/et_pb_column][et_pb_column type=\u00bb1_3&#8243; _builder_version=\u00bb4.27.4&#8243; _module_preset=\u00bbdefault\u00bb global_colors_info=\u00bb{}\u00bb][et_pb_image src=\u00bbhttp:\/\/ventadelquijote.softme.es\/wp-content\/uploads\/2025\/11\/Pisto-Manchego.jpg\u00bb title_text=\u00bbNacho Legorburu\u00bb show_in_lightbox=\u00bbon\u00bb align=\u00bbcenter\u00bb force_fullwidth=\u00bbon\u00bb module_class=\u00bbmask4&#8243; _builder_version=\u00bb4.27.4&#8243; _module_preset=\u00bbdefault\u00bb height=\u00bb370px\u00bb height_tablet=\u00bb300px\u00bb height_phone=\u00bb300px\u00bb height_last_edited=\u00bbon|tablet\u00bb global_colors_info=\u00bb{}\u00bb][\/et_pb_image][\/et_pb_column][et_pb_column type=\u00bb1_3&#8243; _builder_version=\u00bb4.27.4&#8243; _module_preset=\u00bbdefault\u00bb global_colors_info=\u00bb{}\u00bb][\/et_pb_column][\/et_pb_row][\/et_pb_section]<\/p>","protected":false},"excerpt":{"rendered":"<p>El RestauranteEn la Venta del Quijote, la cocina no pretende reinventar Castilla: la honra. Cada plato nace de la despensa manchega, de productos humildes y nobles que llevan generaciones alimentando a pastores, campesinos y viajeros. Aqu\u00ed manda el fuego lento, el pan reciente y la memoria culinaria de la regi\u00f3n. Lo que servimos no es [&hellip;]<\/p>","protected":false},"author":1,"featured_media":0,"parent":0,"menu_order":0,"comment_status":"closed","ping_status":"closed","template":"","meta":{"_et_pb_use_builder":"on","_et_pb_old_content":"","_et_gb_content_width":"","inline_featured_image":false,"footnotes":""},"class_list":["post-150","page","type-page","status-publish","hentry"],"_links":{"self":[{"href":"https:\/\/ventadelquijote.softme.es\/en\/wp-json\/wp\/v2\/pages\/150","targetHints":{"allow":["GET"]}}],"collection":[{"href":"https:\/\/ventadelquijote.softme.es\/en\/wp-json\/wp\/v2\/pages"}],"about":[{"href":"https:\/\/ventadelquijote.softme.es\/en\/wp-json\/wp\/v2\/types\/page"}],"author":[{"embeddable":true,"href":"https:\/\/ventadelquijote.softme.es\/en\/wp-json\/wp\/v2\/users\/1"}],"replies":[{"embeddable":true,"href":"https:\/\/ventadelquijote.softme.es\/en\/wp-json\/wp\/v2\/comments?post=150"}],"version-history":[{"count":47,"href":"https:\/\/ventadelquijote.softme.es\/en\/wp-json\/wp\/v2\/pages\/150\/revisions"}],"predecessor-version":[{"id":1090,"href":"https:\/\/ventadelquijote.softme.es\/en\/wp-json\/wp\/v2\/pages\/150\/revisions\/1090"}],"wp:attachment":[{"href":"https:\/\/ventadelquijote.softme.es\/en\/wp-json\/wp\/v2\/media?parent=150"}],"curies":[{"name":"wp","href":"https:\/\/api.w.org\/{rel}","templated":true}]}}