{"id":153,"date":"2025-10-29T08:00:43","date_gmt":"2025-10-29T08:00:43","guid":{"rendered":"https:\/\/ventadelquijote.softme.es\/?page_id=153"},"modified":"2025-11-19T08:52:12","modified_gmt":"2025-11-19T08:52:12","slug":"inicio","status":"publish","type":"page","link":"https:\/\/ventadelquijote.softme.es\/en\/","title":{"rendered":"Inicio"},"content":{"rendered":"<p>[et_pb_section fb_built=\u00bb1&#8243; module_class=\u00bbmask2&#8243; _builder_version=\u00bb4.27.4&#8243; _module_preset=\u00bbdefault\u00bb background_image=\u00bbhttp:\/\/ventadelquijote.softme.es\/wp-content\/uploads\/2025\/11\/151c4b7319c002bde8e1e5cf8d6b85c622430040-1620&#215;1080-1.jpg\u00bb width=\u00bb100%\u00bb max_width=\u00bb100%\u00bb min_height=\u00bb100vh\u00bb min_height_tablet=\u00bb100vh\u00bb min_height_phone=\u00bb95vh\u00bb min_height_last_edited=\u00bbon|phone\u00bb height=\u00bb100vh\u00bb height_tablet=\u00bb100vh\u00bb height_phone=\u00bb95vh\u00bb height_last_edited=\u00bbon|tablet\u00bb max_height=\u00bb100vh\u00bb max_height_tablet=\u00bb100vh\u00bb max_height_phone=\u00bb95vh\u00bb max_height_last_edited=\u00bbon|tablet\u00bb custom_margin=\u00bb0px|0px|0px|0px|false|false\u00bb custom_padding=\u00bb0px|0px|0px|0px|false|false\u00bb background_last_edited=\u00bbon|desktop\u00bb background_image_phone=\u00bbhttp:\/\/ventadelquijote.softme.es\/wp-content\/uploads\/2025\/10\/IMG_8822-4.jpg\u00bb background_enable_image_phone=\u00bbon\u00bb global_colors_info=\u00bb{}\u00bb][et_pb_row _builder_version=\u00bb4.27.4&#8243; _module_preset=\u00bbdefault\u00bb positioning=\u00bbabsolute\u00bb position_origin_a=\u00bbcenter_center\u00bb global_colors_info=\u00bb{}\u00bb][et_pb_column type=\u00bb4_4&#8243; _builder_version=\u00bb4.27.4&#8243; _module_preset=\u00bbdefault\u00bb global_colors_info=\u00bb{}\u00bb][et_pb_text _builder_version=\u00bb4.27.4&#8243; _module_preset=\u00bbdefault\u00bb header_font=\u00bbRoboto Serif|300|||||||\u00bb header_text_align=\u00bbcenter\u00bb header_text_color=\u00bb#FFFFFF\u00bb header_font_size=\u00bb64px\u00bb header_font_size_tablet=\u00bb40px\u00bb header_font_size_phone=\u00bb40px\u00bb header_font_size_last_edited=\u00bbon|tablet\u00bb text_text_shadow_style=\u00bbpreset3&#8243; global_colors_info=\u00bb{}\u00bb]<\/p>\n<h1>Venta del Quijote<\/h1>\n<p>[\/et_pb_text][\/et_pb_column][\/et_pb_row][\/et_pb_section][et_pb_section fb_built=\u00bb1&#8243; custom_padding_last_edited=\u00bbon|phone\u00bb _builder_version=\u00bb4.27.4&#8243; _module_preset=\u00bbdefault\u00bb background_color=\u00bbRGBA(255,255,255,0)\u00bb custom_margin=\u00bb0px|0px|0px|0px|true|true\u00bb custom_padding=\u00bb150px|10vw|150px|10vw|true|true\u00bb custom_padding_tablet=\u00bb50px||50px||true|true\u00bb custom_padding_phone=\u00bb50px|5vw|50px|5vw|true|true\u00bb global_colors_info=\u00bb{}\u00bb][et_pb_row column_structure=\u00bb1_2,1_2&#8243; use_custom_gutter=\u00bbon\u00bb make_equal=\u00bbon\u00bb _builder_version=\u00bb4.27.4&#8243; _module_preset=\u00bbdefault\u00bb width=\u00bb100%\u00bb max_width=\u00bb100%\u00bb custom_margin=\u00bb0px|0px|0px|0px|false|false\u00bb custom_padding=\u00bb0px|0px|0px|0px|false|false\u00bb global_colors_info=\u00bb{}\u00bb][et_pb_column type=\u00bb1_2&#8243; module_class=\u00bbcolumnTextVerticalCenter\u00bb _builder_version=\u00bb4.27.4&#8243; _module_preset=\u00bbdefault\u00bb global_colors_info=\u00bb{}\u00bb][et_pb_text module_class=\u00bbfw400 reveal reveal-left\u00bb _builder_version=\u00bb4.27.4&#8243; _module_preset=\u00bbdefault\u00bb text_font=\u00bbRoboto Serif||||||||\u00bb text_text_color=\u00bb#000000&#8243; text_font_size=\u00bb3.5em\u00bb text_line_height=\u00bb1.5em\u00bb custom_margin=\u00bb||30px||false|false\u00bb text_font_size_tablet=\u00bb2em\u00bb text_font_size_phone=\u00bb2em\u00bb text_font_size_last_edited=\u00bbon|desktop\u00bb text_orientation_tablet=\u00bbcenter\u00bb text_orientation_phone=\u00bbcenter\u00bb text_orientation_last_edited=\u00bbon|tablet\u00bb global_colors_info=\u00bb{}\u00bb]<\/p>\n<p>Venta del Quijote<\/p>\n<p>[\/et_pb_text][et_pb_text module_class=\u00bb reveal reveal-left\u00bb _builder_version=\u00bb4.27.4&#8243; _module_preset=\u00bbdefault\u00bb text_font=\u00bbRoboto Serif|100|||||||\u00bb text_text_color=\u00bb#000000&#8243; text_font_size=\u00bb1.4em\u00bb text_line_height=\u00bb1.5em\u00bb custom_margin=\u00bb||30px||false|false\u00bb custom_padding=\u00bb||||false|false\u00bb text_font_size_tablet=\u00bb1.3em\u00bb text_font_size_phone=\u00bb1em\u00bb text_font_size_last_edited=\u00bbon|desktop\u00bb text_orientation_tablet=\u00bbcenter\u00bb text_orientation_phone=\u00bbcenter\u00bb text_orientation_last_edited=\u00bbon|tablet\u00bb global_colors_info=\u00bb{}\u00bb]<\/p>\n<p>En pleno coraz\u00f3n de La Mancha, <span class=\"fw-400\">esta antigua venta conserva el esp\u00edritu de los viajeros de anta\u00f1o<\/span>, aquellos que recorr\u00edan caminos polvorientos en busca de descanso, buen yantar y conversaci\u00f3n junto al fuego.<\/p>\n<p>[\/et_pb_text][et_pb_text module_class=\u00bb reveal reveal-left\u00bb _builder_version=\u00bb4.27.4&#8243; _module_preset=\u00bbdefault\u00bb text_font=\u00bbRoboto Serif|100|||||||\u00bb text_text_color=\u00bb#000000&#8243; text_font_size=\u00bb1.4em\u00bb text_line_height=\u00bb1.5em\u00bb custom_margin=\u00bb||30px||false|false\u00bb custom_padding=\u00bb||||false|false\u00bb text_font_size_tablet=\u00bb1.3em\u00bb text_font_size_phone=\u00bb1em\u00bb text_font_size_last_edited=\u00bbon|phone\u00bb text_orientation_tablet=\u00bbcenter\u00bb text_orientation_phone=\u00bbcenter\u00bb text_orientation_last_edited=\u00bbon|tablet\u00bb global_colors_info=\u00bb{}\u00bb]<\/p>\n<p><span class=\"fw-400\">Aqu\u00ed, cada rinc\u00f3n cuenta una historia<\/span>, cada plato evoca un recuerdo, y cada visitante es recibido como un caballero andante en busca de su pr\u00f3xima aventura.<\/p>\n<p>[\/et_pb_text][et_pb_text disabled_on=\u00bbon|on|off\u00bb module_class=\u00bbunderlineLeft reveal reveal-left\u00bb _builder_version=\u00bb4.27.4&#8243; _dynamic_attributes=\u00bblink_option_url\u00bb _module_preset=\u00bbdefault\u00bb text_font=\u00bbTangerine||||||||\u00bb text_text_color=\u00bb#000000&#8243; text_font_size=\u00bb3em\u00bb text_line_height=\u00bb1.5em\u00bb link_option_url=\u00bb@ET-DC@eyJkeW5hbWljIjp0cnVlLCJjb250ZW50IjoicG9zdF9saW5rX3VybF9wYWdlIiwic2V0dGluZ3MiOnsicG9zdF9pZCI6IjE0NyJ9fQ==@\u00bb text_orientation_tablet=\u00bbcenter\u00bb text_orientation_phone=\u00bbcenter\u00bb text_orientation_last_edited=\u00bbon|tablet\u00bb global_colors_info=\u00bb{}\u00bb]<\/p>\n<p>Conoce su historia<\/p>\n<p>[\/et_pb_text][et_pb_text disabled_on=\u00bboff|off|on\u00bb module_class=\u00bbunderlineCenter\u00bb _builder_version=\u00bb4.27.4&#8243; _dynamic_attributes=\u00bblink_option_url\u00bb _module_preset=\u00bbdefault\u00bb text_font=\u00bbTangerine||||||||\u00bb text_text_color=\u00bb#000000&#8243; text_font_size=\u00bb3em\u00bb text_line_height=\u00bb1.5em\u00bb link_option_url=\u00bb@ET-DC@eyJkeW5hbWljIjp0cnVlLCJjb250ZW50IjoicG9zdF9saW5rX3VybF9wYWdlIiwic2V0dGluZ3MiOnsicG9zdF9pZCI6IjE0NyJ9fQ==@\u00bb text_orientation_tablet=\u00bbcenter\u00bb text_orientation_phone=\u00bbcenter\u00bb text_orientation_last_edited=\u00bbon|tablet\u00bb global_colors_info=\u00bb{}\u00bb]<\/p>\n<p>Conoce su historia<\/p>\n<p>[\/et_pb_text][\/et_pb_column][et_pb_column type=\u00bb1_2&#8243; _builder_version=\u00bb4.27.4&#8243; _module_preset=\u00bbdefault\u00bb global_colors_info=\u00bb{}\u00bb][et_pb_image src=\u00bbhttp:\/\/ventadelquijote.softme.es\/wp-content\/uploads\/2025\/10\/SanchoyDonQuijote.svg\u00bb title_text=\u00bbSanchoyDonQuijote\u00bb disabled_on=\u00bbon|on|off\u00bb module_class=\u00bb reveal reveal-right\u00bb _builder_version=\u00bb4.27.4&#8243; _module_preset=\u00bbdefault\u00bb background_color=\u00bbRGBA(255,255,255,0)\u00bb hover_enabled=\u00bb0&#8243; global_colors_info=\u00bb{}\u00bb sticky_enabled=\u00bb0&#8243;][\/et_pb_image][\/et_pb_column][\/et_pb_row][\/et_pb_section][et_pb_section fb_built=\u00bb1&#8243; custom_padding_last_edited=\u00bbon|tablet\u00bb module_class=\u00bb reveal reveal-up\u00bb _builder_version=\u00bb4.27.4&#8243; _module_preset=\u00bbdefault\u00bb background_color=\u00bbRGBA(255,255,255,0)\u00bb custom_margin=\u00bb0px|0px|0px|0px|true|true\u00bb custom_padding=\u00bb0px|10vw|0px|10vw|true|true\u00bb custom_padding_tablet=\u00bb0px|5vw|0px|5vw|true|true\u00bb custom_padding_phone=\u00bb0px|5vw|0px|5vw|true|true\u00bb global_colors_info=\u00bb{}\u00bb][et_pb_row module_class=\u00bbmask2&#8243; _builder_version=\u00bb4.27.4&#8243; _module_preset=\u00bbdefault\u00bb background_image=\u00bbhttp:\/\/ventadelquijote.softme.es\/wp-content\/uploads\/2025\/11\/DSC_0246-1920&#215;1275-1.jpg\u00bb width=\u00bb100%\u00bb max_width=\u00bb100%\u00bb height=\u00bb800px\u00bb height_tablet=\u00bb300px\u00bb height_phone=\u00bb300px\u00bb height_last_edited=\u00bbon|tablet\u00bb custom_margin=\u00bb0px|0px|0px|0px|false|false\u00bb custom_padding=\u00bb0px|0px|0px|0px|false|false\u00bb global_colors_info=\u00bb{}\u00bb][et_pb_column type=\u00bb4_4&#8243; _builder_version=\u00bb4.27.4&#8243; _module_preset=\u00bbdefault\u00bb global_colors_info=\u00bb{}\u00bb][\/et_pb_column][\/et_pb_row][\/et_pb_section][et_pb_section fb_built=\u00bb1&#8243; custom_padding_last_edited=\u00bbon|phone\u00bb _builder_version=\u00bb4.27.4&#8243; _module_preset=\u00bbdefault\u00bb background_color=\u00bbRGBA(255,255,255,0)\u00bb custom_margin=\u00bb0px|0px|0px|0px|true|true\u00bb custom_padding=\u00bb100px|10vw|100px|10vw|true|true\u00bb custom_padding_tablet=\u00bb50px||50px||true|true\u00bb custom_padding_phone=\u00bb0px|5vw||5vw|false|true\u00bb global_colors_info=\u00bb{}\u00bb][et_pb_row custom_padding_last_edited=\u00bbon|phone\u00bb module_class=\u00bb reveal reveal-up\u00bb _builder_version=\u00bb4.27.4&#8243; _module_preset=\u00bbdefault\u00bb custom_padding_tablet=\u00bb\u00bb custom_padding_phone=\u00bb0px||||false|false\u00bb global_colors_info=\u00bb{}\u00bb][et_pb_column type=\u00bb4_4&#8243; _builder_version=\u00bb4.27.4&#8243; _module_preset=\u00bbdefault\u00bb global_colors_info=\u00bb{}\u00bb][et_pb_image src=\u00bbhttp:\/\/ventadelquijote.softme.es\/wp-content\/uploads\/2025\/10\/Comida.svg\u00bb title_text=\u00bbComida\u00bb align=\u00bbcenter\u00bb _builder_version=\u00bb4.27.4&#8243; _module_preset=\u00bbdefault\u00bb height=\u00bb370px\u00bb custom_margin=\u00bb0px|0px|0px|0px|false|false\u00bb custom_padding=\u00bb0px|0px|0px|0px|false|false\u00bb global_colors_info=\u00bb{}\u00bb][\/et_pb_image][et_pb_text module_class=\u00bbfw400&#8243; _builder_version=\u00bb4.27.4&#8243; _module_preset=\u00bbdefault\u00bb text_font=\u00bbRoboto Serif||||||||\u00bb text_text_color=\u00bb#000000&#8243; text_font_size=\u00bb4.5em\u00bb text_line_height=\u00bb1.2em\u00bb text_orientation=\u00bbcenter\u00bb text_font_size_tablet=\u00bb3em\u00bb text_font_size_phone=\u00bb2em\u00bb text_font_size_last_edited=\u00bbon|phone\u00bb global_colors_info=\u00bb{}\u00bb]<\/p>\n<p>Nuestros platos<\/p>\n<p>[\/et_pb_text][et_pb_text _builder_version=\u00bb4.27.4&#8243; _module_preset=\u00bbdefault\u00bb text_font=\u00bbRoboto Serif|300|||||||\u00bb text_text_color=\u00bb#000000&#8243; text_font_size=\u00bb1.7em\u00bb text_line_height=\u00bb1.6em\u00bb text_orientation=\u00bbcenter\u00bb custom_margin=\u00bb0px|0px|0px|0px|false|false\u00bb custom_padding=\u00bb0px|0px|0px|0px|false|false\u00bb text_font_size_tablet=\u00bb1.2em\u00bb text_font_size_phone=\u00bb1.2em\u00bb text_font_size_last_edited=\u00bbon|tablet\u00bb global_colors_info=\u00bb{}\u00bb]<\/p>\n<p>En nuestra cocina rendimos homenaje a la tradici\u00f3n con platos manchegos elaborados como anta\u00f1o: migas con uvas, pisto con huevo, gachas, duelos y quebrantos o caldereta de cordero, entre otros. Recetas sencillas, intensas y llenas de historia, hechas con productos locales y servidas con el cari\u00f1o de siempre.<\/p>\n<p>[\/et_pb_text][et_pb_text module_class=\u00bbunderlineCenter\u00bb _builder_version=\u00bb4.27.4&#8243; _dynamic_attributes=\u00bblink_option_url\u00bb _module_preset=\u00bbdefault\u00bb text_font=\u00bbTangerine||||||||\u00bb text_text_color=\u00bb#000000&#8243; text_font_size=\u00bb2.5em\u00bb text_line_height=\u00bb1.6em\u00bb text_orientation=\u00bbcenter\u00bb custom_margin=\u00bb50px||||false|false\u00bb link_option_url=\u00bb@ET-DC@eyJkeW5hbWljIjp0cnVlLCJjb250ZW50IjoicG9zdF9saW5rX3VybF9wYWdlIiwic2V0dGluZ3MiOnsicG9zdF9pZCI6IjE1NSJ9fQ==@\u00bb global_colors_info=\u00bb{}\u00bb]<\/p>\n<p>Ver nuestra carta<\/p>\n<p>[\/et_pb_text][\/et_pb_column][\/et_pb_row][\/et_pb_section][et_pb_section fb_built=\u00bb1&#8243; custom_padding_last_edited=\u00bbon|phone\u00bb module_class=\u00bb reveal reveal-up\u00bb _builder_version=\u00bb4.27.4&#8243; _module_preset=\u00bbdefault\u00bb background_color=\u00bbRGBA(255,255,255,0)\u00bb custom_margin=\u00bb0px|0px|0px|0px|false|false\u00bb custom_padding=\u00bb0px|10vw|0px|10vw|false|true\u00bb custom_padding_tablet=\u00bb0px|10vw|0px|10vw|false|true\u00bb custom_padding_phone=\u00bb|5vw||5vw|false|true\u00bb global_colors_info=\u00bb{}\u00bb][et_pb_row _builder_version=\u00bb4.27.4&#8243; _module_preset=\u00bbdefault\u00bb width=\u00bb100%\u00bb max_width=\u00bb100%\u00bb custom_margin=\u00bb0px|0px|0px|0px|false|false\u00bb custom_padding=\u00bb0px|0px|0px|0px|false|false\u00bb global_colors_info=\u00bb{}\u00bb][et_pb_column type=\u00bb4_4&#8243; _builder_version=\u00bb4.27.4&#8243; _module_preset=\u00bbdefault\u00bb global_colors_info=\u00bb{}\u00bb][et_pb_code module_id=\u00bb \u00bb module_class=\u00bbsliderVenta\u00bb _builder_version=\u00bb4.27.4&#8243; _module_preset=\u00bbdefault\u00bb height=\u00bb600px\u00bb global_colors_info=\u00bb{}\u00bb]\n\t<div class=\"wp-spaios-slider-wrap wp-spaios-row-clearfix\" data-conf=\"{&quot;arrow&quot;:&quot;false&quot;,&quot;pagination&quot;:&quot;false&quot;,&quot;speed&quot;:&quot;1000&quot;,&quot;autoplay&quot;:&quot;false&quot;,&quot;autoplay_speed&quot;:&quot;3000&quot;,&quot;loop&quot;:&quot;true&quot;,&quot;slide_to_show_owl&quot;:&quot;5&quot;,&quot;slide_show_ipad_owl&quot;:&quot;3&quot;,&quot;slide_show_tablet_owl&quot;:&quot;2&quot;,&quot;slide_show_mobile_owl&quot;:&quot;1&quot;,&quot;slide_to_scroll_owl&quot;:1,&quot;slide_margin_owl&quot;:5,&quot;slide_padding_owl&quot;:&quot;&quot;,&quot;start_slide_owl&quot;:&quot;1&quot;,&quot;slide_center_owl&quot;:&quot;false&quot;,&quot;slide_autowidth_owl&quot;:&quot;false&quot;,&quot;slide_freeDrag_owl&quot;:&quot;false&quot;,&quot;height_auto_owl&quot;:&quot;false&quot;,&quot;slide_rtl_owl&quot;:&quot;false&quot;}\">\n\t\t<div class=\"wp-spaios-slider wp-spaios-owl-slider wp-spaios-gallery owl-carousel\" id=\"wp-spaios-owl-slider-1\" style=\"\">\n\t\t\t\r\n<div class=\"wp-spaios-owl-slide\">\r\n\t\t\t<a class=\"wp-spaios-img-link\" href=\"https:\/\/ventadelquijote.softme.es\/wp-content\/uploads\/2025\/11\/DSC_0405-1920x1274-1-1024x679.jpg\" data-fancybox=\"gallery\" data-options=\"{&quot;loop&quot;:&quot;true&quot;,&quot;transitionEffect&quot;:&quot;slide&quot;}\">\r\n\t\t\t<img decoding=\"async\" class=\"wp-spaios-slider-image\" src=\"https:\/\/ventadelquijote.softme.es\/wp-content\/uploads\/2025\/11\/DSC_0405-1920x1274-1-1024x679.jpg\" alt=\"\" title=\"DSC_0405-1920x1274\" \/>\r\n\t\t<\/a>\r\n\t<\/div>\r\n<div class=\"wp-spaios-owl-slide\">\r\n\t\t\t<a class=\"wp-spaios-img-link\" href=\"https:\/\/ventadelquijote.softme.es\/wp-content\/uploads\/2025\/11\/IMG_4157-1920x2880-1-683x1024.jpg\" data-fancybox=\"gallery\" data-options=\"{&quot;loop&quot;:&quot;true&quot;,&quot;transitionEffect&quot;:&quot;slide&quot;}\">\r\n\t\t\t<img decoding=\"async\" class=\"wp-spaios-slider-image\" src=\"https:\/\/ventadelquijote.softme.es\/wp-content\/uploads\/2025\/11\/IMG_4157-1920x2880-1-683x1024.jpg\" alt=\"\" title=\"IMG_4157-1920x2880\" \/>\r\n\t\t<\/a>\r\n\t<\/div>\r\n<div class=\"wp-spaios-owl-slide\">\r\n\t\t\t<a class=\"wp-spaios-img-link\" href=\"https:\/\/ventadelquijote.softme.es\/wp-content\/uploads\/2025\/11\/DSC_0430-1920x2892-1-680x1024.jpg\" data-fancybox=\"gallery\" data-options=\"{&quot;loop&quot;:&quot;true&quot;,&quot;transitionEffect&quot;:&quot;slide&quot;}\">\r\n\t\t\t<img decoding=\"async\" class=\"wp-spaios-slider-image\" src=\"https:\/\/ventadelquijote.softme.es\/wp-content\/uploads\/2025\/11\/DSC_0430-1920x2892-1-680x1024.jpg\" alt=\"\" title=\"DSC_0430-1920x2892\" \/>\r\n\t\t<\/a>\r\n\t<\/div>\r\n<div class=\"wp-spaios-owl-slide\">\r\n\t\t\t<a class=\"wp-spaios-img-link\" href=\"https:\/\/ventadelquijote.softme.es\/wp-content\/uploads\/2025\/11\/IMG_4209-1920x2880-1-683x1024.jpg\" data-fancybox=\"gallery\" data-options=\"{&quot;loop&quot;:&quot;true&quot;,&quot;transitionEffect&quot;:&quot;slide&quot;}\">\r\n\t\t\t<img decoding=\"async\" class=\"wp-spaios-slider-image\" src=\"https:\/\/ventadelquijote.softme.es\/wp-content\/uploads\/2025\/11\/IMG_4209-1920x2880-1-683x1024.jpg\" alt=\"\" title=\"IMG_4209-1920x2880\" \/>\r\n\t\t<\/a>\r\n\t<\/div>\r\n<div class=\"wp-spaios-owl-slide\">\r\n\t\t\t<a class=\"wp-spaios-img-link\" href=\"https:\/\/ventadelquijote.softme.es\/wp-content\/uploads\/2025\/11\/IMG_4028-1920x2880-1-683x1024.jpg\" data-fancybox=\"gallery\" data-options=\"{&quot;loop&quot;:&quot;true&quot;,&quot;transitionEffect&quot;:&quot;slide&quot;}\">\r\n\t\t\t<img decoding=\"async\" class=\"wp-spaios-slider-image\" src=\"https:\/\/ventadelquijote.softme.es\/wp-content\/uploads\/2025\/11\/IMG_4028-1920x2880-1-683x1024.jpg\" alt=\"\" title=\"IMG_4028-1920x2880\" \/>\r\n\t\t<\/a>\r\n\t<\/div>\t\t\t\t\t<\/div>\n\t<\/div>\n\t[\/et_pb_code][\/et_pb_column][\/et_pb_row][\/et_pb_section][et_pb_section fb_built=\u00bb1&#8243; custom_padding_last_edited=\u00bbon|phone\u00bb _builder_version=\u00bb4.27.4&#8243; _module_preset=\u00bbdefault\u00bb background_color=\u00bbRGBA(255,255,255,0)\u00bb custom_margin=\u00bb0px|0px|0px|0px|true|true\u00bb custom_padding=\u00bb100px|10vw|100px|10vw|true|true\u00bb custom_padding_tablet=\u00bb50px||50px||true|true\u00bb custom_padding_phone=\u00bb50px|5vw|50px|5vw|true|true\u00bb global_colors_info=\u00bb{}\u00bb][et_pb_row column_structure=\u00bb1_2,1_2&#8243; use_custom_gutter=\u00bbon\u00bb make_equal=\u00bbon\u00bb _builder_version=\u00bb4.27.4&#8243; _module_preset=\u00bbdefault\u00bb width=\u00bb100%\u00bb max_width=\u00bb100%\u00bb custom_margin=\u00bb0px|0px|0px|0px|false|false\u00bb custom_padding=\u00bb0px|0px|0px|0px|false|false\u00bb global_colors_info=\u00bb{}\u00bb][et_pb_column type=\u00bb1_2&#8243; module_class=\u00bbcolumnTextVerticalCenter\u00bb _builder_version=\u00bb4.27.4&#8243; _module_preset=\u00bbdefault\u00bb global_colors_info=\u00bb{}\u00bb][et_pb_text module_class=\u00bbfw400 reveal reveal-left\u00bb _builder_version=\u00bb4.27.4&#8243; _module_preset=\u00bbdefault\u00bb text_font=\u00bbRoboto Serif||||||||\u00bb text_text_color=\u00bb#000000&#8243; text_font_size=\u00bb4em\u00bb text_line_height=\u00bb1.5em\u00bb text_orientation=\u00bbcenter\u00bb custom_margin=\u00bb||30px||false|false\u00bb text_font_size_tablet=\u00bb3em\u00bb text_font_size_phone=\u00bb2em\u00bb text_font_size_last_edited=\u00bbon|phone\u00bb global_colors_info=\u00bb{}\u00bb]<\/p>\n<p>El museo<\/p>\n<p>[\/et_pb_text][et_pb_text module_class=\u00bb reveal reveal-left\u00bb _builder_version=\u00bb4.27.4&#8243; _module_preset=\u00bbdefault\u00bb text_font=\u00bbRoboto Serif|100|||||||\u00bb text_text_color=\u00bb#000000&#8243; text_font_size=\u00bb1.6em\u00bb text_line_height=\u00bb1.5em\u00bb text_orientation=\u00bbcenter\u00bb custom_margin=\u00bb||||false|false\u00bb custom_padding=\u00bb||||false|false\u00bb text_font_size_tablet=\u00bb1.5em\u00bb text_font_size_phone=\u00bb1.2em\u00bb text_font_size_last_edited=\u00bbon|phone\u00bb global_colors_info=\u00bb{}\u00bb]<\/p>\n<p>Nuestro peque\u00f1o museo recoge objetos, documentos y recreaciones que dan vida al mundo cervantino y a las costumbres manchegas de anta\u00f1o. Un recorrido \u00edntimo por la cultura, la literatura y la vida rural que inspiraron las p\u00e1ginas de Don Quijote.<\/p>\n<p>[\/et_pb_text][et_pb_text module_class=\u00bbunderlineCenter reveal reveal-left\u00bb _builder_version=\u00bb4.27.4&#8243; _dynamic_attributes=\u00bblink_option_url\u00bb _module_preset=\u00bbdefault\u00bb text_font=\u00bbTangerine||||||||\u00bb text_text_color=\u00bb#000000&#8243; text_font_size=\u00bb3em\u00bb text_line_height=\u00bb1.5em\u00bb text_orientation=\u00bbcenter\u00bb custom_margin=\u00bb0px||0px||false|false\u00bb custom_padding=\u00bb0px|0px||0px|false|false\u00bb link_option_url=\u00bb@ET-DC@eyJkeW5hbWljIjp0cnVlLCJjb250ZW50IjoicG9zdF9saW5rX3VybF9wYWdlIiwic2V0dGluZ3MiOnsicG9zdF9pZCI6IjE1NyJ9fQ==@\u00bb global_colors_info=\u00bb{}\u00bb]<\/p>\n<p>Museo Venta el Quijote<\/p>\n<p>[\/et_pb_text][\/et_pb_column][et_pb_column type=\u00bb1_2&#8243; _builder_version=\u00bb4.27.4&#8243; _module_preset=\u00bbdefault\u00bb global_colors_info=\u00bb{}\u00bb][et_pb_image src=\u00bbhttp:\/\/ventadelquijote.softme.es\/wp-content\/uploads\/2025\/10\/CervantesHome.svg\u00bb title_text=\u00bbCervantesHome\u00bb disabled_on=\u00bbon|on|off\u00bb module_class=\u00bb reveal reveal-right\u00bb _builder_version=\u00bb4.27.4&#8243; _module_preset=\u00bbdefault\u00bb transform_rotate=\u00bb0deg|180deg|0deg\u00bb global_colors_info=\u00bb{}\u00bb][\/et_pb_image][\/et_pb_column][\/et_pb_row][\/et_pb_section][et_pb_section fb_built=\u00bb1&#8243; custom_padding_last_edited=\u00bbon|phone\u00bb module_class=\u00bbov-reveal-cascade\u00bb _builder_version=\u00bb4.27.4&#8243; _module_preset=\u00bbdefault\u00bb background_color=\u00bbRGBA(255,255,255,0)\u00bb custom_margin=\u00bb0px|0px|0px|0px|true|true\u00bb custom_padding=\u00bb100px|10vw|100px|10vw|true|true\u00bb custom_padding_tablet=\u00bb0px|10vw|0px|10vw|true|true\u00bb custom_padding_phone=\u00bb|5vw||5vw|true|true\u00bb locked=\u00bboff\u00bb global_colors_info=\u00bb{}\u00bb][et_pb_row module_class=\u00bbmask2 reveal reveal-up\u00bb _builder_version=\u00bb4.27.4&#8243; _module_preset=\u00bbdefault\u00bb background_image=\u00bbhttp:\/\/ventadelquijote.softme.es\/wp-content\/uploads\/2025\/11\/IMG_4222-1920&#215;1280-1.jpg\u00bb width=\u00bb100%\u00bb max_width=\u00bb100%\u00bb height=\u00bb800px\u00bb height_tablet=\u00bb300px\u00bb height_phone=\u00bb300px\u00bb height_last_edited=\u00bbon|tablet\u00bb custom_margin=\u00bb0px|0px|0px|0px|false|false\u00bb custom_padding=\u00bb0px|0px|0px|0px|false|false\u00bb global_colors_info=\u00bb{}\u00bb][et_pb_column type=\u00bb4_4&#8243; _builder_version=\u00bb4.27.4&#8243; _module_preset=\u00bbdefault\u00bb global_colors_info=\u00bb{}\u00bb][\/et_pb_column][\/et_pb_row][\/et_pb_section]<\/p>","protected":false},"excerpt":{"rendered":"<p>Venta del QuijoteVenta del QuijoteEn pleno coraz\u00f3n de La Mancha, esta antigua venta conserva el esp\u00edritu de los viajeros de anta\u00f1o, aquellos que recorr\u00edan caminos polvorientos en busca de descanso, buen yantar y conversaci\u00f3n junto al fuego.Aqu\u00ed, cada rinc\u00f3n cuenta una historia, cada plato evoca un recuerdo, y cada visitante es recibido como un caballero [&hellip;]<\/p>","protected":false},"author":1,"featured_media":0,"parent":0,"menu_order":0,"comment_status":"closed","ping_status":"closed","template":"","meta":{"_et_pb_use_builder":"on","_et_pb_old_content":"<!-- wp:divi\/placeholder \/-->","_et_gb_content_width":"","inline_featured_image":false,"footnotes":""},"class_list":["post-153","page","type-page","status-publish","hentry"],"_links":{"self":[{"href":"https:\/\/ventadelquijote.softme.es\/en\/wp-json\/wp\/v2\/pages\/153","targetHints":{"allow":["GET"]}}],"collection":[{"href":"https:\/\/ventadelquijote.softme.es\/en\/wp-json\/wp\/v2\/pages"}],"about":[{"href":"https:\/\/ventadelquijote.softme.es\/en\/wp-json\/wp\/v2\/types\/page"}],"author":[{"embeddable":true,"href":"https:\/\/ventadelquijote.softme.es\/en\/wp-json\/wp\/v2\/users\/1"}],"replies":[{"embeddable":true,"href":"https:\/\/ventadelquijote.softme.es\/en\/wp-json\/wp\/v2\/comments?post=153"}],"version-history":[{"count":146,"href":"https:\/\/ventadelquijote.softme.es\/en\/wp-json\/wp\/v2\/pages\/153\/revisions"}],"predecessor-version":[{"id":1080,"href":"https:\/\/ventadelquijote.softme.es\/en\/wp-json\/wp\/v2\/pages\/153\/revisions\/1080"}],"wp:attachment":[{"href":"https:\/\/ventadelquijote.softme.es\/en\/wp-json\/wp\/v2\/media?parent=153"}],"curies":[{"name":"wp","href":"https:\/\/api.w.org\/{rel}","templated":true}]}}